{"id":150,"date":"2024-09-20T15:50:50","date_gmt":"2024-09-20T15:50:50","guid":{"rendered":"https:\/\/aizvest.lv\/?page_id=150"},"modified":"2024-11-07T22:14:37","modified_gmt":"2024-11-07T22:14:37","slug":"blogs-kravu-parvadajumi-zinas-parvaksanas","status":"publish","type":"page","link":"https:\/\/aizvest.lv\/ru\/blogs-kravu-parvadajumi-zinas-parvaksanas\/","title":{"rendered":"Blogs"},"content":{"rendered":"<div class=\"wp-block-ultimate-post-row ultp-block-0f31de\"><div class=\"ultp-row-wrapper\"><div class=\"ultp-row-content\">\n<div class=\"wp-block-ultimate-post-column ultp-block-51d5cf\"><div class=\"ultp-column-wrapper\"><div  class=\"ultp-post-grid-block wp-block-ultimate-post-post-grid-1 ultp-block-f8afaf\"><div class=\"ultp-block-wrapper\"><div class=\"ultp-loading\"><div class=\"ultp-loading-blocks\" style=\"width:100%;height:100%;\"><div style=\"left: 0;top: 0;animation-delay:0s;\"><\/div><div style=\"left: 21px;top: 0;animation-delay:0.125s;\"><\/div><div style=\"left: 42px;top: 0;animation-delay:0.25s;\"><\/div><div style=\"left: 0;top: 21px;animation-delay:0.875s;\"><\/div><div style=\"left: 42px;top: 21px;animation-delay:0.375s;\"><\/div><div style=\"left: 0;top: 42px;animation-delay:0.75s;\"><\/div><div style=\"left: 42px;top: 42px;animation-delay:0.625s;\"><\/div><div style=\"left: 21px;top: 42px;animation-delay:0.5s;\"><\/div><\/div><\/div><div class=\"ultp-heading-filter\"><div class=\"ultp-heading-filter-in\"><div class=\"ultp-heading-wrap ultp-heading-style15 ultp-heading-center\"><h2 class=\"ultp-heading-inner\"><span>P\u0101rvad\u0101jumu zi\u0146as<\/span><\/h2><\/div><\/div><\/div><div class=\"ultp-block-items-wrap ultp-block-row ultp-pg1a-style1 ultp-block-column-3 ultp-layout1\"><div class=\"ultp-block-item post-id-324\"><div class=\"ultp-block-content-wrap\"><div class=\"ultp-block-image ultp-block-image-opacity\"><a href=\"https:\/\/aizvest.lv\/ru\/ka-izveleties-piemerotako-pakalpojumu-kravu-parvadajumiem-un-parvaksanas-vajadzibam\/\" ><img decoding=\"async\"  src=\"https:\/\/aizvest.lv\/wp-content\/plugins\/ultimate-post\/assets\/img\/ultp-fallback-img.png\" alt=\"dummy-img\" \/><\/a><\/div><div class=\"ultp-block-content\"><div class=\"ultp-category-grid ultp-category-classic ultp-category-aboveTitle\"><div class=\"ultp-category-in\"><a class=\"ultp-cat-services\" href=\"https:\/\/aizvest.lv\/ru\/category\/services\/\"  >Services<\/a><\/div><\/div><h3 class=\"ultp-block-title\"><a href=\"https:\/\/aizvest.lv\/ru\/ka-izveleties-piemerotako-pakalpojumu-kravu-parvadajumiem-un-parvaksanas-vajadzibam\/\" >K\u0101 Izv\u0113l\u0113ties Piem\u0113rot\u0101ko Pakalpojumu Kravu P\u0101rvad\u0101jumiem un P\u0101rv\u0101k\u0161an\u0101s Vajadz\u012bb\u0101m?<\/a><\/h3><div class=\"ultp-block-readmore\"><a aria-label=\"K\u0101 Izv\u0113l\u0113ties Piem\u0113rot\u0101ko Pakalpojumu Kravu P\u0101rvad\u0101jumiem un P\u0101rv\u0101k\u0161an\u0101s Vajadz\u012bb\u0101m?\" href=\"https:\/\/aizvest.lv\/ru\/ka-izveleties-piemerotako-pakalpojumu-kravu-parvadajumiem-un-parvaksanas-vajadzibam\/\" >Las\u012bt vair\u0101k<svg xmlns=\"http:\/\/www.w3.org\/2000\/svg\" viewbox=\"0 0 49.16 37.25\"><path stroke=\"rgba(0,0,0,0)\" stroke-miterlimit=\"10\" d=\"M28.1 36.154a2.048 2.048 0 0 1 0-2.9l12.5-12.5H2.55a2.05 2.05 0 1 1 0-4.1H40.6l-12.5-12.5a2.05 2.05 0 1 1 2.9-2.9l17.45 17.448L31 36.154a2.047 2.047 0 0 1-2.9 0Z\"\/><\/svg><\/a><\/div><div class=\"ultp-block-meta ultp-block-meta-verticalbar ultp-block-meta-noIcon\"><span class=\"ultp-block-date\">\u041d\u043e\u044f 13, 2024<\/span><span class=\"ultp-post-read\">2 min read<\/span><\/div><\/div><\/div><\/div><div class=\"ultp-block-item post-id-313\"><div class=\"ultp-block-content-wrap\"><div class=\"ultp-block-image ultp-block-image-opacity\"><a href=\"https:\/\/aizvest.lv\/ru\/aizvest-preces\/\" ><img decoding=\"async\"  alt=\"Daudzas saliktas un sakrav\u0101tas kartona kastes balta telp\u0101\"  src=\"https:\/\/aizvest.lv\/wp-content\/uploads\/2024\/11\/pexels-shvets-production-7203702-870x570.jpg\" \/><\/a><\/div><div class=\"ultp-block-content\"><div class=\"ultp-category-grid ultp-category-classic ultp-category-aboveTitle\"><div class=\"ultp-category-in\"><a class=\"ultp-cat-services\" href=\"https:\/\/aizvest.lv\/ru\/category\/services\/\"  >Services<\/a><\/div><\/div><h3 class=\"ultp-block-title\"><a href=\"https:\/\/aizvest.lv\/ru\/aizvest-preces\/\" >K\u0101 Uzticami un Efekt\u012bvi Aizvest Preces Uz \u0100rzem\u0113m: Ko \u0146emt v\u0113r\u0101?<\/a><\/h3><div class=\"ultp-block-readmore\"><a aria-label=\"K\u0101 Uzticami un Efekt\u012bvi Aizvest Preces Uz \u0100rzem\u0113m: Ko \u0146emt v\u0113r\u0101?\" href=\"https:\/\/aizvest.lv\/ru\/aizvest-preces\/\" >Las\u012bt vair\u0101k<svg xmlns=\"http:\/\/www.w3.org\/2000\/svg\" viewbox=\"0 0 49.16 37.25\"><path stroke=\"rgba(0,0,0,0)\" stroke-miterlimit=\"10\" d=\"M28.1 36.154a2.048 2.048 0 0 1 0-2.9l12.5-12.5H2.55a2.05 2.05 0 1 1 0-4.1H40.6l-12.5-12.5a2.05 2.05 0 1 1 2.9-2.9l17.45 17.448L31 36.154a2.047 2.047 0 0 1-2.9 0Z\"\/><\/svg><\/a><\/div><div class=\"ultp-block-meta ultp-block-meta-verticalbar ultp-block-meta-noIcon\"><span class=\"ultp-block-date\">\u041d\u043e\u044f 7, 2024<\/span><span class=\"ultp-post-read\">2 min read<\/span><\/div><\/div><\/div><\/div><div class=\"ultp-block-item post-id-310\"><div class=\"ultp-block-content-wrap\"><div class=\"ultp-block-image ultp-block-image-opacity\"><a href=\"https:\/\/aizvest.lv\/ru\/parvaksanas-padomi-ka-sagatavoties-un-izvairities-no-stresa\/\" ><img decoding=\"async\"  alt=\"\u0122imene kop\u012bgi satiekas jaun\u0101 m\u0101jokl\u012b ar izkraut\u0101m p\u0101rv\u0101k\u0161an\u0101s kast\u0113m.\"  src=\"https:\/\/aizvest.lv\/wp-content\/uploads\/2024\/11\/pexels-cottonbro-4569340-870x570.jpg\" \/><\/a><\/div><div class=\"ultp-block-content\"><div class=\"ultp-category-grid ultp-category-classic ultp-category-aboveTitle\"><div class=\"ultp-category-in\"><a class=\"ultp-cat-services\" href=\"https:\/\/aizvest.lv\/ru\/category\/services\/\"  >Services<\/a><\/div><\/div><h3 class=\"ultp-block-title\"><a href=\"https:\/\/aizvest.lv\/ru\/parvaksanas-padomi-ka-sagatavoties-un-izvairities-no-stresa\/\" >P\u0101rv\u0101k\u0161an\u0101s Padomi: K\u0101 Sagatavoties un Izvair\u012bties no Stresa<\/a><\/h3><div class=\"ultp-block-readmore\"><a aria-label=\"P\u0101rv\u0101k\u0161an\u0101s Padomi: K\u0101 Sagatavoties un Izvair\u012bties no Stresa\" href=\"https:\/\/aizvest.lv\/ru\/parvaksanas-padomi-ka-sagatavoties-un-izvairities-no-stresa\/\" >Las\u012bt vair\u0101k<svg xmlns=\"http:\/\/www.w3.org\/2000\/svg\" viewbox=\"0 0 49.16 37.25\"><path stroke=\"rgba(0,0,0,0)\" stroke-miterlimit=\"10\" d=\"M28.1 36.154a2.048 2.048 0 0 1 0-2.9l12.5-12.5H2.55a2.05 2.05 0 1 1 0-4.1H40.6l-12.5-12.5a2.05 2.05 0 1 1 2.9-2.9l17.45 17.448L31 36.154a2.047 2.047 0 0 1-2.9 0Z\"\/><\/svg><\/a><\/div><div class=\"ultp-block-meta ultp-block-meta-verticalbar ultp-block-meta-noIcon\"><span class=\"ultp-block-date\">\u041d\u043e\u044f 7, 2024<\/span><span class=\"ultp-post-read\">2 min read<\/span><\/div><\/div><\/div><\/div><div class=\"ultp-block-item post-id-305\"><div class=\"ultp-block-content-wrap\"><div class=\"ultp-block-image ultp-block-image-opacity\"><a href=\"https:\/\/aizvest.lv\/ru\/kravu-parvadajumi-latvija-ka-izveleties-uzticamu-pakalpojumu-sniedzeju\/\" ><img decoding=\"async\"  alt=\"Automobilis un kravas automa\u0161\u012bna brauc pa \u0161oseju ar metalisko konstrukciju fon\u0101 m\u0113ren\u0101 vakara apgaismojum\u0101\"  src=\"https:\/\/aizvest.lv\/wp-content\/uploads\/2024\/11\/pexels-mikebirdy-192364-870x570.jpg\" \/><\/a><\/div><div class=\"ultp-block-content\"><div class=\"ultp-category-grid ultp-category-classic ultp-category-aboveTitle\"><div class=\"ultp-category-in\"><a class=\"ultp-cat-services\" href=\"https:\/\/aizvest.lv\/ru\/category\/services\/\"  >Services<\/a><\/div><\/div><h3 class=\"ultp-block-title\"><a href=\"https:\/\/aizvest.lv\/ru\/kravu-parvadajumi-latvija-ka-izveleties-uzticamu-pakalpojumu-sniedzeju\/\" >Kravu p\u0101rvad\u0101jumi Latvij\u0101: K\u0101 izv\u0113l\u0113ties uzticamu pakalpojumu sniedz\u0113ju?<\/a><\/h3><div class=\"ultp-block-readmore\"><a aria-label=\"Kravu p\u0101rvad\u0101jumi Latvij\u0101: K\u0101 izv\u0113l\u0113ties uzticamu pakalpojumu sniedz\u0113ju?\" href=\"https:\/\/aizvest.lv\/ru\/kravu-parvadajumi-latvija-ka-izveleties-uzticamu-pakalpojumu-sniedzeju\/\" >Las\u012bt vair\u0101k<svg xmlns=\"http:\/\/www.w3.org\/2000\/svg\" viewbox=\"0 0 49.16 37.25\"><path stroke=\"rgba(0,0,0,0)\" stroke-miterlimit=\"10\" d=\"M28.1 36.154a2.048 2.048 0 0 1 0-2.9l12.5-12.5H2.55a2.05 2.05 0 1 1 0-4.1H40.6l-12.5-12.5a2.05 2.05 0 1 1 2.9-2.9l17.45 17.448L31 36.154a2.047 2.047 0 0 1-2.9 0Z\"\/><\/svg><\/a><\/div><div class=\"ultp-block-meta ultp-block-meta-verticalbar ultp-block-meta-noIcon\"><span class=\"ultp-block-date\">\u041d\u043e\u044f 7, 2024<\/span><span class=\"ultp-post-read\">2 min read<\/span><\/div><\/div><\/div><\/div><div class=\"ultp-block-item post-id-298\"><div class=\"ultp-block-content-wrap\"><div class=\"ultp-block-image ultp-block-image-opacity\"><a href=\"https:\/\/aizvest.lv\/ru\/blogs-kravu-parvadasana-latvija-ka-izveleties-pareizo-risinajumu-savam-biznesam\/\" ><img decoding=\"async\"  alt=\"Kravas automa\u0161\u012bna brauc ar lielu \u0101trumu, radot neskaidru efektu bild\u0113.\"  src=\"https:\/\/aizvest.lv\/wp-content\/uploads\/2024\/10\/parvadasana-smagais-870x570.jpg\" \/><\/a><\/div><div class=\"ultp-block-content\"><div class=\"ultp-category-grid ultp-category-classic ultp-category-aboveTitle\"><div class=\"ultp-category-in\"><a class=\"ultp-cat-services\" href=\"https:\/\/aizvest.lv\/ru\/category\/services\/\"  >Services<\/a><\/div><\/div><h3 class=\"ultp-block-title\"><a href=\"https:\/\/aizvest.lv\/ru\/blogs-kravu-parvadasana-latvija-ka-izveleties-pareizo-risinajumu-savam-biznesam\/\" >Kravu p\u0101rvad\u0101\u0161ana Latvij\u0101: K\u0101 izv\u0113l\u0113ties pareizo risin\u0101jumu savam biznesam?<\/a><\/h3><div class=\"ultp-block-readmore\"><a aria-label=\"Kravu p\u0101rvad\u0101\u0161ana Latvij\u0101: K\u0101 izv\u0113l\u0113ties pareizo risin\u0101jumu savam biznesam?\" href=\"https:\/\/aizvest.lv\/ru\/blogs-kravu-parvadasana-latvija-ka-izveleties-pareizo-risinajumu-savam-biznesam\/\" >Las\u012bt vair\u0101k<svg xmlns=\"http:\/\/www.w3.org\/2000\/svg\" viewbox=\"0 0 49.16 37.25\"><path stroke=\"rgba(0,0,0,0)\" stroke-miterlimit=\"10\" d=\"M28.1 36.154a2.048 2.048 0 0 1 0-2.9l12.5-12.5H2.55a2.05 2.05 0 1 1 0-4.1H40.6l-12.5-12.5a2.05 2.05 0 1 1 2.9-2.9l17.45 17.448L31 36.154a2.047 2.047 0 0 1-2.9 0Z\"\/><\/svg><\/a><\/div><div class=\"ultp-block-meta ultp-block-meta-verticalbar ultp-block-meta-noIcon\"><span class=\"ultp-block-date\">\u041e\u043a\u0442 2, 2024<\/span><span class=\"ultp-post-read\">4 min read<\/span><\/div><\/div><\/div><\/div><div class=\"ultp-block-item post-id-292\"><div class=\"ultp-block-content-wrap\"><div class=\"ultp-block-image ultp-block-image-opacity\"><a href=\"https:\/\/aizvest.lv\/ru\/lokala-kravu-parvadasana-atri-un-uzticami-risinajumi-vietejiem-uznemumiem-un-privatpersonam\/\" ><img decoding=\"async\"  alt=\"Kravas automa\u0161\u012bna noliktav\u0101 gatava iekraut smago kravu.\"  src=\"https:\/\/aizvest.lv\/wp-content\/uploads\/2024\/10\/parvadasana-870x570.jpg\" \/><\/a><\/div><div class=\"ultp-block-content\"><div class=\"ultp-category-grid ultp-category-classic ultp-category-aboveTitle\"><div class=\"ultp-category-in\"><a class=\"ultp-cat-services\" href=\"https:\/\/aizvest.lv\/ru\/category\/services\/\"  >Services<\/a><\/div><\/div><h3 class=\"ultp-block-title\"><a href=\"https:\/\/aizvest.lv\/ru\/lokala-kravu-parvadasana-atri-un-uzticami-risinajumi-vietejiem-uznemumiem-un-privatpersonam\/\" >Lok\u0101l\u0101 kravu p\u0101rvad\u0101\u0161ana: \u0100tri un uzticami risin\u0101jumi viet\u0113jiem uz\u0146\u0113mumiem un priv\u0101tperson\u0101m<\/a><\/h3><div class=\"ultp-block-readmore\"><a aria-label=\"Lok\u0101l\u0101 kravu p\u0101rvad\u0101\u0161ana: \u0100tri un uzticami risin\u0101jumi viet\u0113jiem uz\u0146\u0113mumiem un priv\u0101tperson\u0101m\" href=\"https:\/\/aizvest.lv\/ru\/lokala-kravu-parvadasana-atri-un-uzticami-risinajumi-vietejiem-uznemumiem-un-privatpersonam\/\" >Las\u012bt vair\u0101k<svg xmlns=\"http:\/\/www.w3.org\/2000\/svg\" viewbox=\"0 0 49.16 37.25\"><path stroke=\"rgba(0,0,0,0)\" stroke-miterlimit=\"10\" d=\"M28.1 36.154a2.048 2.048 0 0 1 0-2.9l12.5-12.5H2.55a2.05 2.05 0 1 1 0-4.1H40.6l-12.5-12.5a2.05 2.05 0 1 1 2.9-2.9l17.45 17.448L31 36.154a2.047 2.047 0 0 1-2.9 0Z\"\/><\/svg><\/a><\/div><div class=\"ultp-block-meta ultp-block-meta-verticalbar ultp-block-meta-noIcon\"><span class=\"ultp-block-date\">\u041e\u043a\u0442 1, 2024<\/span><span class=\"ultp-post-read\">4 min read<\/span><\/div><\/div><\/div><\/div><div class=\"ultp-block-item post-id-246\"><div class=\"ultp-block-content-wrap\"><div class=\"ultp-block-image ultp-block-image-opacity\"><a href=\"https:\/\/aizvest.lv\/ru\/ka-veiksmigi-parvakties-bez-stresa-aizvest-lv-padomi\/\" ><img decoding=\"async\"  alt=\"V\u012brietis streso par p\u0101rv\u0101k\u0161anos\"  src=\"https:\/\/aizvest.lv\/wp-content\/uploads\/2024\/09\/parvakties-bez-stresa.jpg\" \/><\/a><\/div><div class=\"ultp-block-content\"><div class=\"ultp-category-grid ultp-category-classic ultp-category-aboveTitle\"><div class=\"ultp-category-in\"><a class=\"ultp-cat-services\" href=\"https:\/\/aizvest.lv\/ru\/category\/services\/\"  >Services<\/a><\/div><\/div><h3 class=\"ultp-block-title\"><a href=\"https:\/\/aizvest.lv\/ru\/ka-veiksmigi-parvakties-bez-stresa-aizvest-lv-padomi\/\" >K\u0101 veiksm\u012bgi p\u0101rv\u0101kties bez stresa? Aizvest.lv padomi<\/a><\/h3><div class=\"ultp-block-readmore\"><a aria-label=\"K\u0101 veiksm\u012bgi p\u0101rv\u0101kties bez stresa? Aizvest.lv padomi\" href=\"https:\/\/aizvest.lv\/ru\/ka-veiksmigi-parvakties-bez-stresa-aizvest-lv-padomi\/\" >Las\u012bt vair\u0101k<svg xmlns=\"http:\/\/www.w3.org\/2000\/svg\" viewbox=\"0 0 49.16 37.25\"><path stroke=\"rgba(0,0,0,0)\" stroke-miterlimit=\"10\" d=\"M28.1 36.154a2.048 2.048 0 0 1 0-2.9l12.5-12.5H2.55a2.05 2.05 0 1 1 0-4.1H40.6l-12.5-12.5a2.05 2.05 0 1 1 2.9-2.9l17.45 17.448L31 36.154a2.047 2.047 0 0 1-2.9 0Z\"\/><\/svg><\/a><\/div><div class=\"ultp-block-meta ultp-block-meta-verticalbar ultp-block-meta-noIcon\"><span class=\"ultp-block-date\">\u0421\u0435\u043d 26, 2024<\/span><span class=\"ultp-post-read\">3 min read<\/span><\/div><\/div><\/div><\/div><div class=\"ultp-block-item post-id-210\"><div class=\"ultp-block-content-wrap\"><div class=\"ultp-block-image ultp-block-image-opacity\"><a href=\"https:\/\/aizvest.lv\/ru\/kapec-izveleties-aizvest-lv-pakalpojumus\/\" ><img decoding=\"async\"  alt=\"aizvest-lv-p\u0101rv\u0101k\u0161an\u0101s\"  src=\"https:\/\/aizvest.lv\/wp-content\/uploads\/2024\/09\/parvaksanas-attels-870x570.jpg\" \/><\/a><\/div><div class=\"ultp-block-content\"><div class=\"ultp-category-grid ultp-category-classic ultp-category-aboveTitle\"><div class=\"ultp-category-in\"><a class=\"ultp-cat-services\" href=\"https:\/\/aizvest.lv\/ru\/category\/services\/\"  >Services<\/a><\/div><\/div><h3 class=\"ultp-block-title\"><a href=\"https:\/\/aizvest.lv\/ru\/kapec-izveleties-aizvest-lv-pakalpojumus\/\" >K\u0101p\u0113c izv\u0113l\u0113ties aizvest-ecb894.ingress-alpha.ewp.live pakalpojumus?<\/a><\/h3><div class=\"ultp-block-readmore\"><a aria-label=\"K\u0101p\u0113c izv\u0113l\u0113ties aizvest-ecb894.ingress-alpha.ewp.live pakalpojumus?\" href=\"https:\/\/aizvest.lv\/ru\/kapec-izveleties-aizvest-lv-pakalpojumus\/\" >Las\u012bt vair\u0101k<svg xmlns=\"http:\/\/www.w3.org\/2000\/svg\" viewbox=\"0 0 49.16 37.25\"><path stroke=\"rgba(0,0,0,0)\" stroke-miterlimit=\"10\" d=\"M28.1 36.154a2.048 2.048 0 0 1 0-2.9l12.5-12.5H2.55a2.05 2.05 0 1 1 0-4.1H40.6l-12.5-12.5a2.05 2.05 0 1 1 2.9-2.9l17.45 17.448L31 36.154a2.047 2.047 0 0 1-2.9 0Z\"\/><\/svg><\/a><\/div><div class=\"ultp-block-meta ultp-block-meta-verticalbar ultp-block-meta-noIcon\"><span class=\"ultp-block-date\">\u0421\u0435\u043d 25, 2024<\/span><span class=\"ultp-post-read\">2 min read<\/span><\/div><\/div><\/div><\/div><\/div><\/div><div class=\"pagination-block-html\" aria-hidden=\"true\" style=\"display: none;\"><\/div><\/div><\/div><\/div>\n<\/div><\/div><\/div>","protected":false},"excerpt":{"rendered":"","protected":false},"author":1,"featured_media":0,"parent":0,"menu_order":4,"comment_status":"closed","ping_status":"closed","template":"","meta":{"_editorskit_title_hidden":false,"_editorskit_reading_time":0,"_editorskit_is_block_options_detached":false,"_editorskit_block_options_position":"{}","_regular_price":[],"currency_symbol":[],"footnotes":""},"class_list":["post-150","page","type-page","status-publish","hentry"],"post_slider_layout_featured_media_urls":{"thumbnail":"","post_slider_layout_landscape_large":"","post_slider_layout_portrait_large":"","post_slider_layout_square_large":"","post_slider_layout_landscape":"","post_slider_layout_portrait":"","post_slider_layout_square":"","full":""},"yoast_head":"<!-- This site is optimized with the Yoast SEO plugin v23.4 - https:\/\/yoast.com\/wordpress\/plugins\/seo\/ -->\n<title>Blogs - aizvest.lv<\/title>\n<meta name=\"description\" content=\"Lasiet jaun\u0101k\u0101s zi\u0146as un padomus par kravu p\u0101rvad\u0101jumiem un p\u0101rv\u0101k\u0161anos Aizvest blog\u0101. Uzziniet par efekt\u012bv\u0101kajiem p\u0101rv\u0101k\u0161an\u0101s risin\u0101jumiem un aktu\u0101laj\u0101m nozares tendenc\u0113m.\" \/>\n<meta name=\"robots\" content=\"index, follow, max-snippet:-1, max-image-preview:large, max-video-preview:-1\" \/>\n<link rel=\"canonical\" href=\"https:\/\/aizvest-ecb894.ingress-alpha.ewp.live\/blogs-kravu-parvadajumi-zinas-parvaksanas\/\" \/>\n<meta property=\"og:locale\" content=\"ru_RU\" \/>\n<meta property=\"og:type\" content=\"article\" \/>\n<meta property=\"og:title\" content=\"Blogs - aizvest.lv\" \/>\n<meta property=\"og:description\" content=\"Lasiet jaun\u0101k\u0101s zi\u0146as un padomus par kravu p\u0101rvad\u0101jumiem un p\u0101rv\u0101k\u0161anos Aizvest blog\u0101. Uzziniet par efekt\u012bv\u0101kajiem p\u0101rv\u0101k\u0161an\u0101s risin\u0101jumiem un aktu\u0101laj\u0101m nozares tendenc\u0113m.\" \/>\n<meta property=\"og:url\" content=\"https:\/\/aizvest-ecb894.ingress-alpha.ewp.live\/blogs-kravu-parvadajumi-zinas-parvaksanas\/\" \/>\n<meta property=\"og:site_name\" content=\"aizvest.lv\" \/>\n<meta property=\"article:modified_time\" content=\"2024-11-07T22:14:37+00:00\" \/>\n<meta name=\"twitter:card\" content=\"summary_large_image\" \/>\n<script type=\"application\/ld+json\" class=\"yoast-schema-graph\">{\"@context\":\"https:\/\/schema.org\",\"@graph\":[{\"@type\":\"WebPage\",\"@id\":\"https:\/\/aizvest-ecb894.ingress-alpha.ewp.live\/blogs-kravu-parvadajumi-zinas-parvaksanas\/\",\"url\":\"https:\/\/aizvest-ecb894.ingress-alpha.ewp.live\/blogs-kravu-parvadajumi-zinas-parvaksanas\/\",\"name\":\"Blogs - aizvest.lv\",\"isPartOf\":{\"@id\":\"https:\/\/aizvest-ecb894.ingress-alpha.ewp.live\/#website\"},\"datePublished\":\"2024-09-20T15:50:50+00:00\",\"dateModified\":\"2024-11-07T22:14:37+00:00\",\"description\":\"Lasiet jaun\u0101k\u0101s zi\u0146as un padomus par kravu p\u0101rvad\u0101jumiem un p\u0101rv\u0101k\u0161anos Aizvest blog\u0101. Uzziniet par efekt\u012bv\u0101kajiem p\u0101rv\u0101k\u0161an\u0101s risin\u0101jumiem un aktu\u0101laj\u0101m nozares tendenc\u0113m.\",\"breadcrumb\":{\"@id\":\"https:\/\/aizvest-ecb894.ingress-alpha.ewp.live\/blogs-kravu-parvadajumi-zinas-parvaksanas\/#breadcrumb\"},\"inLanguage\":\"ru-RU\",\"potentialAction\":[{\"@type\":\"ReadAction\",\"target\":[\"https:\/\/aizvest-ecb894.ingress-alpha.ewp.live\/blogs-kravu-parvadajumi-zinas-parvaksanas\/\"]}]},{\"@type\":\"BreadcrumbList\",\"@id\":\"https:\/\/aizvest-ecb894.ingress-alpha.ewp.live\/blogs-kravu-parvadajumi-zinas-parvaksanas\/#breadcrumb\",\"itemListElement\":[{\"@type\":\"ListItem\",\"position\":1,\"name\":\"Home\",\"item\":\"https:\/\/aizvest-ecb894.ingress-alpha.ewp.live\/\"},{\"@type\":\"ListItem\",\"position\":2,\"name\":\"Blogs\"}]},{\"@type\":\"WebSite\",\"@id\":\"https:\/\/aizvest-ecb894.ingress-alpha.ewp.live\/#website\",\"url\":\"https:\/\/aizvest-ecb894.ingress-alpha.ewp.live\/\",\"name\":\"aizvest-ecb894.ingress-alpha.ewp.live\",\"description\":\"Aizvest \u2013 Dro\u0161i kravu p\u0101rvad\u0101jumi, \u0113rta p\u0101rv\u0101k\u0161an\u0101s!\",\"publisher\":{\"@id\":\"https:\/\/aizvest-ecb894.ingress-alpha.ewp.live\/#organization\"},\"potentialAction\":[{\"@type\":\"SearchAction\",\"target\":{\"@type\":\"EntryPoint\",\"urlTemplate\":\"https:\/\/aizvest-ecb894.ingress-alpha.ewp.live\/?s={search_term_string}\"},\"query-input\":{\"@type\":\"PropertyValueSpecification\",\"valueRequired\":true,\"valueName\":\"search_term_string\"}}],\"inLanguage\":\"ru-RU\"},{\"@type\":\"Organization\",\"@id\":\"https:\/\/aizvest-ecb894.ingress-alpha.ewp.live\/#organization\",\"name\":\"aizvest-ecb894.ingress-alpha.ewp.live\",\"url\":\"https:\/\/aizvest-ecb894.ingress-alpha.ewp.live\/\",\"logo\":{\"@type\":\"ImageObject\",\"inLanguage\":\"ru-RU\",\"@id\":\"https:\/\/aizvest-ecb894.ingress-alpha.ewp.live\/#\/schema\/logo\/image\/\",\"url\":\"https:\/\/aizvest.lv\/wp-content\/uploads\/2024\/04\/delivery2.png\",\"contentUrl\":\"https:\/\/aizvest.lv\/wp-content\/uploads\/2024\/04\/delivery2.png\",\"width\":256,\"height\":256,\"caption\":\"aizvest-ecb894.ingress-alpha.ewp.live\"},\"image\":{\"@id\":\"https:\/\/aizvest-ecb894.ingress-alpha.ewp.live\/#\/schema\/logo\/image\/\"}}]}<\/script>\n<!-- \/ Yoast SEO plugin. -->","yoast_head_json":{"title":"Blogs - aizvest.lv","description":"Lasiet jaun\u0101k\u0101s zi\u0146as un padomus par kravu p\u0101rvad\u0101jumiem un p\u0101rv\u0101k\u0161anos Aizvest blog\u0101. Uzziniet par efekt\u012bv\u0101kajiem p\u0101rv\u0101k\u0161an\u0101s risin\u0101jumiem un aktu\u0101laj\u0101m nozares tendenc\u0113m.","robots":{"index":"index","follow":"follow","max-snippet":"max-snippet:-1","max-image-preview":"max-image-preview:large","max-video-preview":"max-video-preview:-1"},"canonical":"https:\/\/aizvest-ecb894.ingress-alpha.ewp.live\/blogs-kravu-parvadajumi-zinas-parvaksanas\/","og_locale":"ru_RU","og_type":"article","og_title":"Blogs - aizvest.lv","og_description":"Lasiet jaun\u0101k\u0101s zi\u0146as un padomus par kravu p\u0101rvad\u0101jumiem un p\u0101rv\u0101k\u0161anos Aizvest blog\u0101. Uzziniet par efekt\u012bv\u0101kajiem p\u0101rv\u0101k\u0161an\u0101s risin\u0101jumiem un aktu\u0101laj\u0101m nozares tendenc\u0113m.","og_url":"https:\/\/aizvest-ecb894.ingress-alpha.ewp.live\/blogs-kravu-parvadajumi-zinas-parvaksanas\/","og_site_name":"aizvest.lv","article_modified_time":"2024-11-07T22:14:37+00:00","twitter_card":"summary_large_image","schema":{"@context":"https:\/\/schema.org","@graph":[{"@type":"WebPage","@id":"https:\/\/aizvest-ecb894.ingress-alpha.ewp.live\/blogs-kravu-parvadajumi-zinas-parvaksanas\/","url":"https:\/\/aizvest-ecb894.ingress-alpha.ewp.live\/blogs-kravu-parvadajumi-zinas-parvaksanas\/","name":"Blogs - aizvest.lv","isPartOf":{"@id":"https:\/\/aizvest-ecb894.ingress-alpha.ewp.live\/#website"},"datePublished":"2024-09-20T15:50:50+00:00","dateModified":"2024-11-07T22:14:37+00:00","description":"Lasiet jaun\u0101k\u0101s zi\u0146as un padomus par kravu p\u0101rvad\u0101jumiem un p\u0101rv\u0101k\u0161anos Aizvest blog\u0101. Uzziniet par efekt\u012bv\u0101kajiem p\u0101rv\u0101k\u0161an\u0101s risin\u0101jumiem un aktu\u0101laj\u0101m nozares tendenc\u0113m.","breadcrumb":{"@id":"https:\/\/aizvest-ecb894.ingress-alpha.ewp.live\/blogs-kravu-parvadajumi-zinas-parvaksanas\/#breadcrumb"},"inLanguage":"ru-RU","potentialAction":[{"@type":"ReadAction","target":["https:\/\/aizvest-ecb894.ingress-alpha.ewp.live\/blogs-kravu-parvadajumi-zinas-parvaksanas\/"]}]},{"@type":"BreadcrumbList","@id":"https:\/\/aizvest-ecb894.ingress-alpha.ewp.live\/blogs-kravu-parvadajumi-zinas-parvaksanas\/#breadcrumb","itemListElement":[{"@type":"ListItem","position":1,"name":"Home","item":"https:\/\/aizvest-ecb894.ingress-alpha.ewp.live\/"},{"@type":"ListItem","position":2,"name":"Blogs"}]},{"@type":"WebSite","@id":"https:\/\/aizvest-ecb894.ingress-alpha.ewp.live\/#website","url":"https:\/\/aizvest-ecb894.ingress-alpha.ewp.live\/","name":"aizvest-ecb894.ingress-alpha.ewp.live","description":"Aizvest \u2013 Dro\u0161i kravu p\u0101rvad\u0101jumi, \u0113rta p\u0101rv\u0101k\u0161an\u0101s!","publisher":{"@id":"https:\/\/aizvest-ecb894.ingress-alpha.ewp.live\/#organization"},"potentialAction":[{"@type":"SearchAction","target":{"@type":"EntryPoint","urlTemplate":"https:\/\/aizvest-ecb894.ingress-alpha.ewp.live\/?s={search_term_string}"},"query-input":{"@type":"PropertyValueSpecification","valueRequired":true,"valueName":"search_term_string"}}],"inLanguage":"ru-RU"},{"@type":"Organization","@id":"https:\/\/aizvest-ecb894.ingress-alpha.ewp.live\/#organization","name":"aizvest-ecb894.ingress-alpha.ewp.live","url":"https:\/\/aizvest-ecb894.ingress-alpha.ewp.live\/","logo":{"@type":"ImageObject","inLanguage":"ru-RU","@id":"https:\/\/aizvest-ecb894.ingress-alpha.ewp.live\/#\/schema\/logo\/image\/","url":"https:\/\/aizvest.lv\/wp-content\/uploads\/2024\/04\/delivery2.png","contentUrl":"https:\/\/aizvest.lv\/wp-content\/uploads\/2024\/04\/delivery2.png","width":256,"height":256,"caption":"aizvest-ecb894.ingress-alpha.ewp.live"},"image":{"@id":"https:\/\/aizvest-ecb894.ingress-alpha.ewp.live\/#\/schema\/logo\/image\/"}}]}},"brizy_media":[],"_links":{"self":[{"href":"https:\/\/aizvest.lv\/ru\/wp-json\/wp\/v2\/pages\/150","targetHints":{"allow":["GET"]}}],"collection":[{"href":"https:\/\/aizvest.lv\/ru\/wp-json\/wp\/v2\/pages"}],"about":[{"href":"https:\/\/aizvest.lv\/ru\/wp-json\/wp\/v2\/types\/page"}],"author":[{"embeddable":true,"href":"https:\/\/aizvest.lv\/ru\/wp-json\/wp\/v2\/users\/1"}],"replies":[{"embeddable":true,"href":"https:\/\/aizvest.lv\/ru\/wp-json\/wp\/v2\/comments?post=150"}],"version-history":[{"count":5,"href":"https:\/\/aizvest.lv\/ru\/wp-json\/wp\/v2\/pages\/150\/revisions"}],"predecessor-version":[{"id":322,"href":"https:\/\/aizvest.lv\/ru\/wp-json\/wp\/v2\/pages\/150\/revisions\/322"}],"wp:attachment":[{"href":"https:\/\/aizvest.lv\/ru\/wp-json\/wp\/v2\/media?parent=150"}],"curies":[{"name":"wp","href":"https:\/\/api.w.org\/{rel}","templated":true}]}}