{"id":23,"date":"2024-04-08T18:47:10","date_gmt":"2024-04-08T18:47:10","guid":{"rendered":"https:\/\/aizvest.lv\/?page_id=23"},"modified":"2024-09-26T19:06:45","modified_gmt":"2024-09-26T19:06:45","slug":"visa-veida-parvadajumi","status":"publish","type":"page","link":"https:\/\/aizvest.lv\/ru\/visa-veida-parvadajumi\/","title":{"rendered":"Pakalpojumi"},"content":{"rendered":"<p><\/p>\n\n\n\n<p><\/p>\n\n\n\n<p><\/p>\n\n\n\n<p><\/p>\n\n\n\n<p>\u041c\u044b \u043a\u043e\u043c\u043f\u0430\u043d\u0438\u044f, \u0441\u043f\u0435\u0446\u0438\u0430\u043b\u0438\u0437\u0438\u0440\u0443\u044e\u0449\u0430\u044f\u0441\u044f \u043d\u0430 \u0432\u0441\u0435\u0445 \u0432\u0438\u0434\u0430\u0445 \u0433\u0440\u0443\u0437\u043e\u043f\u0435\u0440\u0435\u0432\u043e\u0437\u043e\u043a.<\/p>\n\n\n\n<p><\/p>\n\n\n\n<p>\u041c\u044b \u043f\u0440\u0435\u0434\u043e\u0441\u0442\u0430\u0432\u043b\u044f\u0435\u043c \u0448\u0438\u0440\u043e\u043a\u0438\u0439 \u0441\u043f\u0435\u043a\u0442\u0440 \u0443\u0441\u043b\u0443\u0433 \u0434\u043b\u044f \u0443\u0434\u043e\u0432\u043b\u0435\u0442\u0432\u043e\u0440\u0435\u043d\u0438\u044f \u0432\u0430\u0448\u0438\u0445 \u0442\u0440\u0430\u043d\u0441\u043f\u043e\u0440\u0442\u043d\u044b\u0445 \u043f\u043e\u0442\u0440\u0435\u0431\u043d\u043e\u0441\u0442\u0435\u0439. \u041d\u0435\u0437\u0430\u0432\u0438\u0441\u0438\u043c\u043e \u043e\u0442 \u0442\u043e\u0433\u043e, \u043d\u0443\u0436\u043d\u0430 \u043b\u0438 \u0432\u0430\u043c \u0440\u0430\u0437\u0431\u043e\u0440\u043a\u0430, \u0441\u0431\u043e\u0440\u043a\u0430, \u0443\u0442\u0438\u043b\u0438\u0437\u0430\u0446\u0438\u044f \u043c\u0435\u0431\u0435\u043b\u0438 \u0438\u043b\u0438 \u0434\u043e\u0441\u0442\u0430\u0432\u043a\u0430 \u0433\u0440\u0443\u0437\u0430 \u043f\u043e \u043b\u044e\u0431\u043e\u043c\u0443 \u0430\u0434\u0440\u0435\u0441\u0443.\u041c\u044b \u0437\u0434\u0435\u0441\u044c, \u0447\u0442\u043e\u0431\u044b \u043f\u043e\u043c\u043e\u0447\u044c.<\/p>\n\n\n\n<p>\u041f\u043e\u0447\u0435\u043c\u0443 \u0432\u0430\u043c \u0441\u043b\u0435\u0434\u0443\u0435\u0442 \u0432\u044b\u0431\u0440\u0430\u0442\u044c \u043d\u0430\u0441?<\/p>\n\n\n\n<ul class=\"wp-block-list\">\n<li><strong>\u041e\u0442\u0432\u0435\u0442\u0441\u0442\u0432\u0435\u043d\u043d\u0430\u044f \u0440\u0430\u0431\u043e\u0442\u0430:<\/strong>\u041c\u044b \u043f\u043e\u0434\u0445\u043e\u0434\u0438\u043c \u043a \u043a\u0430\u0436\u0434\u043e\u0439 \u0440\u0430\u0431\u043e\u0442\u0435 \u0441 \u0431\u043e\u043b\u044c\u0448\u043e\u0439 \u0442\u0449\u0430\u0442\u0435\u043b\u044c\u043d\u043e\u0441\u0442\u044c\u044e \u0438 \u043e\u0442\u0432\u0435\u0442\u0441\u0442\u0432\u0435\u043d\u043d\u043e\u0441\u0442\u044c\u044e, \u0447\u0442\u043e\u0431\u044b \u043e\u0431\u0435\u0441\u043f\u0435\u0447\u0438\u0442\u044c \u0431\u0435\u0437\u043e\u043f\u0430\u0441\u043d\u043e\u0435 \u0438 \u044d\u0444\u0444\u0435\u043a\u0442\u0438\u0432\u043d\u043e\u0435 \u043f\u0435\u0440\u0435\u043c\u0435\u0449\u0435\u043d\u0438\u0435 \u0432\u0430\u0448\u0438\u0445 \u0433\u0440\u0443\u0437\u043e\u0432.<\/li>\n\n\n\n<li><strong>\u0418\u043d\u0434\u0438\u0432\u0438\u0434\u0443\u0430\u043b\u044c\u043d\u044b\u0439 \u043f\u043e\u0434\u0445\u043e\u0434:<\/strong>\u041c\u044b \u043f\u043e\u043d\u0438\u043c\u0430\u0435\u043c, \u0447\u0442\u043e \u043a\u0430\u0436\u0434\u044b\u0439 \u043a\u043b\u0438\u0435\u043d\u0442 \u0443\u043d\u0438\u043a\u0430\u043b\u0435\u043d. \u0412\u043e\u0442 \u043f\u043e\u0447\u0435\u043c\u0443 \u043c\u044b \u0430\u0434\u0430\u043f\u0442\u0438\u0440\u0443\u0435\u043c \u043d\u0430\u0448\u0438 \u0443\u0441\u043b\u0443\u0433\u0438 \u043a \u0432\u0430\u0448\u0438\u043c \u043a\u043e\u043d\u043a\u0440\u0435\u0442\u043d\u044b\u043c \u043f\u043e\u0442\u0440\u0435\u0431\u043d\u043e\u0441\u0442\u044f\u043c \u0438 \u0442\u0440\u0435\u0431\u043e\u0432\u0430\u043d\u0438\u044f\u043c.<\/li>\n\n\n\n<li><strong>\u0414\u043e\u0441\u0442\u0443\u043f\u043d\u044b\u0435 \u0446\u0435\u043d\u044b:<\/strong>\u041c\u044b \u043f\u0440\u0435\u0434\u043b\u0430\u0433\u0430\u0435\u043c \u0441\u0432\u043e\u0438 \u0443\u0441\u043b\u0443\u0433\u0438 \u043f\u043e \u043e\u0447\u0435\u043d\u044c \u0434\u043e\u0441\u0442\u0443\u043f\u043d\u044b\u043c \u0438 \u0434\u0435\u043c\u043e\u043a\u0440\u0430\u0442\u0438\u0447\u043d\u044b\u043c \u0446\u0435\u043d\u0430\u043c, \u0447\u0442\u043e\u0431\u044b \u0432\u044b \u043c\u043e\u0433\u043b\u0438 \u043f\u043e\u043b\u0443\u0447\u0438\u0442\u044c \u0443\u0441\u043b\u0443\u0433\u0438 \u0432\u044b\u0441\u043e\u043a\u043e\u0433\u043e \u043a\u0430\u0447\u0435\u0441\u0442\u0432\u0430 \u043f\u043e \u0434\u043e\u0441\u0442\u0443\u043f\u043d\u043e\u0439 \u0446\u0435\u043d\u0435.<\/li>\n<\/ul>\n\n\n\n<p><strong>\u0423\u0441\u043b\u0443\u0433\u0438:<\/strong><\/p>\n\n\n\n<ul class=\"wp-block-list\">\n<li>\u041f\u0435\u0440\u0435\u0432\u043e\u0437\u043a\u0430 \u043c\u0435\u0431\u0435\u043b\u0438 \u0438 \u043e\u0431\u043e\u0440\u0443\u0434\u043e\u0432\u0430\u043d\u0438\u044f<\/li>\n\n\n\n<li>\u041f\u0435\u0440\u0435\u0432\u043e\u0437\u043a\u0430 \u0442\u043e\u0432\u0430\u0440\u0430 \u043d\u0430 \u043f\u043e\u0434\u0434\u043e\u043d\u044b<\/li>\n\n\n\n<li>\u0423\u0441\u043b\u0443\u0433\u0438 \u0433\u0440\u0443\u0437\u0447\u0438\u043a\u043e\u0432<\/li>\n\n\n\n<li>\u041e\u0444\u0438\u0441\u043d\u044b\u0435 \u043f\u0435\u0440\u0435\u0435\u0437\u0434\u044b<\/li>\n\n\n\n<li>\u0443\u0442\u0438\u043b\u0438\u0437\u0430\u0446\u0438\u0438 \u043c\u0435\u0431\u0435\u043b\u0438.<\/li>\n<\/ul>\n\n\n\n<p><\/p>\n\n\n\n<div class=\"wp-block-ultimate-post-button-group ultp-block-f7ecb6\"><div class=\"ultp-button-wrapper ultp-button-frontend ultp-anim-none\">\n<a class=\"wp-block-ultimate-post-button ultp-block-94e19b ultp-button-layout1\" href=\"https:\/\/aizvest.lv\/ru\/cenradis\/\" target=\"_self\" rel=\"noopener\"><div class=\"ultp-btnIcon-wrap\"><svg xmlns=\"http:\/\/www.w3.org\/2000\/svg\" viewbox=\"0 0 48 35.9\"><g><path d=\"M24.001 4.1c6.315 0 12.993 4.6 19.847 13.684a.3.3 0 0 1 0 .337c-6.854 9.08-13.532 13.683-19.847 13.683s-12.993-4.6-19.847-13.683a.3.3 0 0 1 0-.337C11.008 8.704 17.686 4.1 24.001 4.1m0-4.1Q12.44 0 .881 15.313a4.395 4.395 0 0 0 0 5.278q11.559 15.312 23.12 15.313T47.12 20.591a4.393 4.393 0 0 0 0-5.277Q35.561.001 24.001 0\"><\/path><path d=\"M24.001 13.284a4.669 4.669 0 1 1-4.669 4.669 4.674 4.674 0 0 1 4.669-4.669m0-4.1a8.769 8.769 0 1 0 8.769 8.769 8.769 8.769 0 0 0-8.769-8.769\"><\/path><\/g><\/svg><\/div><div class=\"ultp-button-text\">Apskat\u012bt cenas<\/div><\/a>\n<\/div><\/div>\n\n\n\n<p><\/p>","protected":false},"excerpt":{"rendered":"<p>M\u0113s esam uz\u0146\u0113mums, kas specializ\u0113jas visu veidu kravu p\u0101rvad\u0101jumos. Nodro\u0161inam pla\u0161u pakalpojumu kl\u0101stu, lai atbilstu j\u016bsu p\u0101rvad\u0101jumu vajadz\u012bb\u0101m. Neatkar\u012bgi no t\u0101, vai jums ir nepiecie\u0161ama m\u0113be\u013cu demont\u0101\u017ea, mont\u0101\u017ea, utiliz\u0101cija vai kravas pieg\u0101de uz jebkuru adresi, m\u0113s esam \u0161eit, lai pal\u012bdz\u0113tu. K\u0101p\u0113c izv\u0113l\u0113ties tie\u0161i m\u016bs? M\u016bsu pakalpojumi ietver:<\/p>","protected":false},"author":1,"featured_media":24,"parent":0,"menu_order":2,"comment_status":"closed","ping_status":"closed","template":"","meta":{"_editorskit_title_hidden":false,"_editorskit_reading_time":0,"_editorskit_is_block_options_detached":false,"_editorskit_block_options_position":"{}","_regular_price":[],"currency_symbol":[],"footnotes":""},"class_list":["post-23","page","type-page","status-publish","has-post-thumbnail","hentry"],"post_slider_layout_featured_media_urls":{"thumbnail":["https:\/\/aizvest.lv\/wp-content\/uploads\/2024\/04\/Banner-image-150x150.png",150,150,true],"post_slider_layout_landscape_large":["https:\/\/aizvest.lv\/wp-content\/uploads\/2024\/04\/Banner-image.png",1200,548,false],"post_slider_layout_portrait_large":["https:\/\/aizvest.lv\/wp-content\/uploads\/2024\/04\/Banner-image.png",1200,548,false],"post_slider_layout_square_large":["https:\/\/aizvest.lv\/wp-content\/uploads\/2024\/04\/Banner-image.png",1200,548,false],"post_slider_layout_landscape":["https:\/\/aizvest.lv\/wp-content\/uploads\/2024\/04\/Banner-image.png",600,274,false],"post_slider_layout_portrait":["https:\/\/aizvest.lv\/wp-content\/uploads\/2024\/04\/Banner-image.png",600,274,false],"post_slider_layout_square":["https:\/\/aizvest.lv\/wp-content\/uploads\/2024\/04\/Banner-image.png",600,274,false],"full":["https:\/\/aizvest.lv\/wp-content\/uploads\/2024\/04\/Banner-image.png",1200,548,false]},"yoast_head":"<!-- This site is optimized with the Yoast SEO plugin v23.4 - https:\/\/yoast.com\/wordpress\/plugins\/seo\/ -->\n<title>Pakalpojumi - aizvest.lv<\/title>\n<meta name=\"robots\" content=\"index, follow, max-snippet:-1, max-image-preview:large, max-video-preview:-1\" \/>\n<link rel=\"canonical\" href=\"https:\/\/aizvest-ecb894.ingress-alpha.ewp.live\/visa-veida-parvadajumi\/\" \/>\n<meta property=\"og:locale\" content=\"ru_RU\" \/>\n<meta property=\"og:type\" content=\"article\" \/>\n<meta property=\"og:title\" content=\"Pakalpojumi - aizvest.lv\" \/>\n<meta property=\"og:description\" content=\"M\u0113s esam uz\u0146\u0113mums, kas specializ\u0113jas visu veidu kravu p\u0101rvad\u0101jumos. Nodro\u0161inam pla\u0161u pakalpojumu kl\u0101stu, lai atbilstu j\u016bsu p\u0101rvad\u0101jumu vajadz\u012bb\u0101m. Neatkar\u012bgi no t\u0101, vai jums ir nepiecie\u0161ama m\u0113be\u013cu demont\u0101\u017ea, mont\u0101\u017ea, utiliz\u0101cija vai kravas pieg\u0101de uz jebkuru adresi, m\u0113s esam \u0161eit, lai pal\u012bdz\u0113tu. K\u0101p\u0113c izv\u0113l\u0113ties tie\u0161i m\u016bs? M\u016bsu pakalpojumi ietver:\" \/>\n<meta property=\"og:url\" content=\"https:\/\/aizvest-ecb894.ingress-alpha.ewp.live\/visa-veida-parvadajumi\/\" \/>\n<meta property=\"og:site_name\" content=\"aizvest.lv\" \/>\n<meta property=\"article:modified_time\" content=\"2024-09-26T19:06:45+00:00\" \/>\n<meta property=\"og:image\" content=\"https:\/\/aizvest-ecb894.ingress-alpha.ewp.live\/wp-content\/uploads\/2024\/04\/Banner-image.png\" \/>\n\t<meta property=\"og:image:width\" content=\"1200\" \/>\n\t<meta property=\"og:image:height\" content=\"548\" \/>\n\t<meta property=\"og:image:type\" content=\"image\/png\" \/>\n<meta name=\"twitter:card\" content=\"summary_large_image\" \/>\n<meta name=\"twitter:label1\" content=\"\u041f\u0440\u0438\u043c\u0435\u0440\u043d\u043e\u0435 \u0432\u0440\u0435\u043c\u044f \u0434\u043b\u044f \u0447\u0442\u0435\u043d\u0438\u044f\" \/>\n\t<meta name=\"twitter:data1\" content=\"1 \u043c\u0438\u043d\u0443\u0442\u0430\" \/>\n<script type=\"application\/ld+json\" class=\"yoast-schema-graph\">{\"@context\":\"https:\/\/schema.org\",\"@graph\":[{\"@type\":\"WebPage\",\"@id\":\"https:\/\/aizvest-ecb894.ingress-alpha.ewp.live\/visa-veida-parvadajumi\/\",\"url\":\"https:\/\/aizvest-ecb894.ingress-alpha.ewp.live\/visa-veida-parvadajumi\/\",\"name\":\"Pakalpojumi - aizvest.lv\",\"isPartOf\":{\"@id\":\"https:\/\/aizvest-ecb894.ingress-alpha.ewp.live\/#website\"},\"primaryImageOfPage\":{\"@id\":\"https:\/\/aizvest-ecb894.ingress-alpha.ewp.live\/visa-veida-parvadajumi\/#primaryimage\"},\"image\":{\"@id\":\"https:\/\/aizvest-ecb894.ingress-alpha.ewp.live\/visa-veida-parvadajumi\/#primaryimage\"},\"thumbnailUrl\":\"https:\/\/aizvest.lv\/wp-content\/uploads\/2024\/04\/Banner-image.png\",\"datePublished\":\"2024-04-08T18:47:10+00:00\",\"dateModified\":\"2024-09-26T19:06:45+00:00\",\"breadcrumb\":{\"@id\":\"https:\/\/aizvest-ecb894.ingress-alpha.ewp.live\/visa-veida-parvadajumi\/#breadcrumb\"},\"inLanguage\":\"ru-RU\",\"potentialAction\":[{\"@type\":\"ReadAction\",\"target\":[\"https:\/\/aizvest-ecb894.ingress-alpha.ewp.live\/visa-veida-parvadajumi\/\"]}]},{\"@type\":\"ImageObject\",\"inLanguage\":\"ru-RU\",\"@id\":\"https:\/\/aizvest-ecb894.ingress-alpha.ewp.live\/visa-veida-parvadajumi\/#primaryimage\",\"url\":\"https:\/\/aizvest.lv\/wp-content\/uploads\/2024\/04\/Banner-image.png\",\"contentUrl\":\"https:\/\/aizvest.lv\/wp-content\/uploads\/2024\/04\/Banner-image.png\",\"width\":1200,\"height\":548},{\"@type\":\"BreadcrumbList\",\"@id\":\"https:\/\/aizvest-ecb894.ingress-alpha.ewp.live\/visa-veida-parvadajumi\/#breadcrumb\",\"itemListElement\":[{\"@type\":\"ListItem\",\"position\":1,\"name\":\"Home\",\"item\":\"https:\/\/aizvest-ecb894.ingress-alpha.ewp.live\/\"},{\"@type\":\"ListItem\",\"position\":2,\"name\":\"Pakalpojumi\"}]},{\"@type\":\"WebSite\",\"@id\":\"https:\/\/aizvest-ecb894.ingress-alpha.ewp.live\/#website\",\"url\":\"https:\/\/aizvest-ecb894.ingress-alpha.ewp.live\/\",\"name\":\"aizvest-ecb894.ingress-alpha.ewp.live\",\"description\":\"Aizvest \u2013 Dro\u0161i kravu p\u0101rvad\u0101jumi, \u0113rta p\u0101rv\u0101k\u0161an\u0101s!\",\"publisher\":{\"@id\":\"https:\/\/aizvest-ecb894.ingress-alpha.ewp.live\/#organization\"},\"potentialAction\":[{\"@type\":\"SearchAction\",\"target\":{\"@type\":\"EntryPoint\",\"urlTemplate\":\"https:\/\/aizvest-ecb894.ingress-alpha.ewp.live\/?s={search_term_string}\"},\"query-input\":{\"@type\":\"PropertyValueSpecification\",\"valueRequired\":true,\"valueName\":\"search_term_string\"}}],\"inLanguage\":\"ru-RU\"},{\"@type\":\"Organization\",\"@id\":\"https:\/\/aizvest-ecb894.ingress-alpha.ewp.live\/#organization\",\"name\":\"aizvest-ecb894.ingress-alpha.ewp.live\",\"url\":\"https:\/\/aizvest-ecb894.ingress-alpha.ewp.live\/\",\"logo\":{\"@type\":\"ImageObject\",\"inLanguage\":\"ru-RU\",\"@id\":\"https:\/\/aizvest-ecb894.ingress-alpha.ewp.live\/#\/schema\/logo\/image\/\",\"url\":\"https:\/\/aizvest.lv\/wp-content\/uploads\/2024\/04\/delivery2.png\",\"contentUrl\":\"https:\/\/aizvest.lv\/wp-content\/uploads\/2024\/04\/delivery2.png\",\"width\":256,\"height\":256,\"caption\":\"aizvest-ecb894.ingress-alpha.ewp.live\"},\"image\":{\"@id\":\"https:\/\/aizvest-ecb894.ingress-alpha.ewp.live\/#\/schema\/logo\/image\/\"}}]}<\/script>\n<!-- \/ Yoast SEO plugin. -->","yoast_head_json":{"title":"Pakalpojumi - aizvest.lv","robots":{"index":"index","follow":"follow","max-snippet":"max-snippet:-1","max-image-preview":"max-image-preview:large","max-video-preview":"max-video-preview:-1"},"canonical":"https:\/\/aizvest-ecb894.ingress-alpha.ewp.live\/visa-veida-parvadajumi\/","og_locale":"ru_RU","og_type":"article","og_title":"Pakalpojumi - aizvest.lv","og_description":"M\u0113s esam uz\u0146\u0113mums, kas specializ\u0113jas visu veidu kravu p\u0101rvad\u0101jumos. Nodro\u0161inam pla\u0161u pakalpojumu kl\u0101stu, lai atbilstu j\u016bsu p\u0101rvad\u0101jumu vajadz\u012bb\u0101m. Neatkar\u012bgi no t\u0101, vai jums ir nepiecie\u0161ama m\u0113be\u013cu demont\u0101\u017ea, mont\u0101\u017ea, utiliz\u0101cija vai kravas pieg\u0101de uz jebkuru adresi, m\u0113s esam \u0161eit, lai pal\u012bdz\u0113tu. K\u0101p\u0113c izv\u0113l\u0113ties tie\u0161i m\u016bs? M\u016bsu pakalpojumi ietver:","og_url":"https:\/\/aizvest-ecb894.ingress-alpha.ewp.live\/visa-veida-parvadajumi\/","og_site_name":"aizvest.lv","article_modified_time":"2024-09-26T19:06:45+00:00","og_image":[{"width":1200,"height":548,"url":"https:\/\/aizvest-ecb894.ingress-alpha.ewp.live\/wp-content\/uploads\/2024\/04\/Banner-image.png","type":"image\/png"}],"twitter_card":"summary_large_image","twitter_misc":{"\u041f\u0440\u0438\u043c\u0435\u0440\u043d\u043e\u0435 \u0432\u0440\u0435\u043c\u044f \u0434\u043b\u044f \u0447\u0442\u0435\u043d\u0438\u044f":"1 \u043c\u0438\u043d\u0443\u0442\u0430"},"schema":{"@context":"https:\/\/schema.org","@graph":[{"@type":"WebPage","@id":"https:\/\/aizvest-ecb894.ingress-alpha.ewp.live\/visa-veida-parvadajumi\/","url":"https:\/\/aizvest-ecb894.ingress-alpha.ewp.live\/visa-veida-parvadajumi\/","name":"Pakalpojumi - aizvest.lv","isPartOf":{"@id":"https:\/\/aizvest-ecb894.ingress-alpha.ewp.live\/#website"},"primaryImageOfPage":{"@id":"https:\/\/aizvest-ecb894.ingress-alpha.ewp.live\/visa-veida-parvadajumi\/#primaryimage"},"image":{"@id":"https:\/\/aizvest-ecb894.ingress-alpha.ewp.live\/visa-veida-parvadajumi\/#primaryimage"},"thumbnailUrl":"https:\/\/aizvest.lv\/wp-content\/uploads\/2024\/04\/Banner-image.png","datePublished":"2024-04-08T18:47:10+00:00","dateModified":"2024-09-26T19:06:45+00:00","breadcrumb":{"@id":"https:\/\/aizvest-ecb894.ingress-alpha.ewp.live\/visa-veida-parvadajumi\/#breadcrumb"},"inLanguage":"ru-RU","potentialAction":[{"@type":"ReadAction","target":["https:\/\/aizvest-ecb894.ingress-alpha.ewp.live\/visa-veida-parvadajumi\/"]}]},{"@type":"ImageObject","inLanguage":"ru-RU","@id":"https:\/\/aizvest-ecb894.ingress-alpha.ewp.live\/visa-veida-parvadajumi\/#primaryimage","url":"https:\/\/aizvest.lv\/wp-content\/uploads\/2024\/04\/Banner-image.png","contentUrl":"https:\/\/aizvest.lv\/wp-content\/uploads\/2024\/04\/Banner-image.png","width":1200,"height":548},{"@type":"BreadcrumbList","@id":"https:\/\/aizvest-ecb894.ingress-alpha.ewp.live\/visa-veida-parvadajumi\/#breadcrumb","itemListElement":[{"@type":"ListItem","position":1,"name":"Home","item":"https:\/\/aizvest-ecb894.ingress-alpha.ewp.live\/"},{"@type":"ListItem","position":2,"name":"Pakalpojumi"}]},{"@type":"WebSite","@id":"https:\/\/aizvest-ecb894.ingress-alpha.ewp.live\/#website","url":"https:\/\/aizvest-ecb894.ingress-alpha.ewp.live\/","name":"aizvest-ecb894.ingress-alpha.ewp.live","description":"Aizvest \u2013 Dro\u0161i kravu p\u0101rvad\u0101jumi, \u0113rta p\u0101rv\u0101k\u0161an\u0101s!","publisher":{"@id":"https:\/\/aizvest-ecb894.ingress-alpha.ewp.live\/#organization"},"potentialAction":[{"@type":"SearchAction","target":{"@type":"EntryPoint","urlTemplate":"https:\/\/aizvest-ecb894.ingress-alpha.ewp.live\/?s={search_term_string}"},"query-input":{"@type":"PropertyValueSpecification","valueRequired":true,"valueName":"search_term_string"}}],"inLanguage":"ru-RU"},{"@type":"Organization","@id":"https:\/\/aizvest-ecb894.ingress-alpha.ewp.live\/#organization","name":"aizvest-ecb894.ingress-alpha.ewp.live","url":"https:\/\/aizvest-ecb894.ingress-alpha.ewp.live\/","logo":{"@type":"ImageObject","inLanguage":"ru-RU","@id":"https:\/\/aizvest-ecb894.ingress-alpha.ewp.live\/#\/schema\/logo\/image\/","url":"https:\/\/aizvest.lv\/wp-content\/uploads\/2024\/04\/delivery2.png","contentUrl":"https:\/\/aizvest.lv\/wp-content\/uploads\/2024\/04\/delivery2.png","width":256,"height":256,"caption":"aizvest-ecb894.ingress-alpha.ewp.live"},"image":{"@id":"https:\/\/aizvest-ecb894.ingress-alpha.ewp.live\/#\/schema\/logo\/image\/"}}]}},"brizy_media":[],"_links":{"self":[{"href":"https:\/\/aizvest.lv\/ru\/wp-json\/wp\/v2\/pages\/23","targetHints":{"allow":["GET"]}}],"collection":[{"href":"https:\/\/aizvest.lv\/ru\/wp-json\/wp\/v2\/pages"}],"about":[{"href":"https:\/\/aizvest.lv\/ru\/wp-json\/wp\/v2\/types\/page"}],"author":[{"embeddable":true,"href":"https:\/\/aizvest.lv\/ru\/wp-json\/wp\/v2\/users\/1"}],"replies":[{"embeddable":true,"href":"https:\/\/aizvest.lv\/ru\/wp-json\/wp\/v2\/comments?post=23"}],"version-history":[{"count":4,"href":"https:\/\/aizvest.lv\/ru\/wp-json\/wp\/v2\/pages\/23\/revisions"}],"predecessor-version":[{"id":244,"href":"https:\/\/aizvest.lv\/ru\/wp-json\/wp\/v2\/pages\/23\/revisions\/244"}],"wp:featuredmedia":[{"embeddable":true,"href":"https:\/\/aizvest.lv\/ru\/wp-json\/wp\/v2\/media\/24"}],"wp:attachment":[{"href":"https:\/\/aizvest.lv\/ru\/wp-json\/wp\/v2\/media?parent=23"}],"curies":[{"name":"wp","href":"https:\/\/api.w.org\/{rel}","templated":true}]}}