{"id":70,"date":"2024-04-11T18:04:56","date_gmt":"2024-04-11T18:04:56","guid":{"rendered":"https:\/\/aizvest.lv\/?page_id=70"},"modified":"2024-09-26T16:06:05","modified_gmt":"2024-09-26T16:06:05","slug":"cenradis","status":"publish","type":"page","link":"https:\/\/aizvest.lv\/ru\/cenradis\/","title":{"rendered":"\u041f\u0440\u0430\u0439\u0441-\u043b\u0438\u0441\u0442:"},"content":{"rendered":"<p><\/p>\n\n\n\n<div class=\"wp-block-group\"><div class=\"wp-block-group__inner-container is-layout-constrained wp-block-group-is-layout-constrained\">\n<figure class=\"wp-block-table is-style-stripes\"><table class=\"has-black-color has-white-background-color has-text-color has-background has-link-color has-fixed-layout\"><thead><tr><th class=\"has-text-align-left\" data-align=\"left\"><strong>Pakalpojums<\/strong><\/th><th class=\"has-text-align-right\" data-align=\"right\"><strong>Cena<\/strong><\/th><\/tr><\/thead><tbody><tr><td class=\"has-text-align-left\" data-align=\"left\">Transports ar \u0161oferi(bez krau\u0161anas pakalpojuma)<\/td><td class=\"has-text-align-right\" data-align=\"right\">30,00 \u0435\u0432\u0440\u043e\/\u0447\u0430\u0441<\/td><\/tr><tr><td class=\"has-text-align-left\" data-align=\"left\">Transports ar 1 kr\u0101v\u0113ju (\u0161oferis)<\/td><td class=\"has-text-align-right\" data-align=\"right\">35,00 \u0435\u0432\u0440\u043e\/\u0447\u0430\u0441<\/td><\/tr><tr><td class=\"has-text-align-left\" data-align=\"left\">Transports ar 2 kr\u0101v\u0113jiem (\u0161oferis + 1)<\/td><td class=\"has-text-align-right\" data-align=\"right\">40,00 \u0435\u0432\u0440\u043e\/\u0447\u0430\u0441<\/td><\/tr><tr><td class=\"has-text-align-left\" data-align=\"left\">\u0423\u0441\u043b\u0443\u0433\u0438 \u0433\u0440\u0443\u0437\u0447\u0438\u043a\u043e\u0432<\/td><td class=\"has-text-align-right\" data-align=\"right\">\u043e\u0442 15,00 \u0435\u0432\u0440\u043e\/\u0447\u0430\u0441<\/td><\/tr><\/tbody><\/table><\/figure>\n<\/div><\/div>\n\n\n\n<p><strong>\u0427\u0442\u043e\u0431\u044b \u0443\u0437\u043d\u0430\u0442\u044c \u043a\u043e\u043d\u043a\u0440\u0435\u0442\u043d\u0443\u044e \u0446\u0435\u043d\u0443 \u0432\u0430\u0448\u0435\u0439 \u0440\u0430\u0431\u043e\u0442\u044b, \u0441\u0432\u044f\u0436\u0438\u0442\u0435\u0441\u044c \u0441 \u043d\u0430\u043c\u0438:<\/strong><\/p>\n\n\n\n<p><strong><strong>\u0422\u0435\u043b.: 27342367<\/strong><\/strong> <\/p>\n\n\n\n<p><strong>E-pasts:<\/strong> <a href=\"mailto:janisaizvest@gmail.com\"><strong>janisaizvest@gmail.com<\/strong><\/a><\/p>\n\n\n\n<p class=\"has-black-color has-text-color has-link-color wp-elements-9ac00cf961d1ea846fe5a532228b76c6\"><\/p>\n\n\n\n<p><\/p>","protected":false},"excerpt":{"rendered":"<p>Pakalpojums Cena Transports ar \u0161oferi(bez krau\u0161anas pakalpojuma) 30,00 \u20ac\/h Transports ar 1 kr\u0101v\u0113ju (\u0161oferis) 35,00 \u20ac\/h Transports ar 2 kr\u0101v\u0113jiem (\u0161oferis + 1) 40,00 \u20ac\/h Kr\u0101v\u0113ju pakalpojumi no 15,00 \u20ac\/h Lai noskaidrotu J\u016bsu veicam\u0101 darba konkr\u0113tu cenu, sazinaties ar mums: T\u0101lr.: 27342367 E-pasts: janisaizvest@gmail.com<\/p>","protected":false},"author":1,"featured_media":0,"parent":0,"menu_order":3,"comment_status":"closed","ping_status":"closed","template":"","meta":{"_editorskit_title_hidden":false,"_editorskit_reading_time":0,"_editorskit_is_block_options_detached":false,"_editorskit_block_options_position":"{}","_regular_price":[],"currency_symbol":[],"footnotes":""},"class_list":["post-70","page","type-page","status-publish","hentry"],"post_slider_layout_featured_media_urls":{"thumbnail":"","post_slider_layout_landscape_large":"","post_slider_layout_portrait_large":"","post_slider_layout_square_large":"","post_slider_layout_landscape":"","post_slider_layout_portrait":"","post_slider_layout_square":"","full":""},"yoast_head":"<!-- This site is optimized with the Yoast SEO plugin v23.4 - https:\/\/yoast.com\/wordpress\/plugins\/seo\/ -->\n<title>Cenr\u0101dis - aizvest.lv<\/title>\n<meta name=\"robots\" content=\"index, follow, max-snippet:-1, max-image-preview:large, max-video-preview:-1\" \/>\n<link rel=\"canonical\" href=\"https:\/\/aizvest-ecb894.ingress-alpha.ewp.live\/cenradis\/\" \/>\n<meta property=\"og:locale\" content=\"ru_RU\" \/>\n<meta property=\"og:type\" content=\"article\" \/>\n<meta property=\"og:title\" content=\"Cenr\u0101dis - aizvest.lv\" \/>\n<meta property=\"og:description\" content=\"Pakalpojums Cena Transports ar \u0161oferi(bez krau\u0161anas pakalpojuma) 30,00 \u20ac\/h Transports ar 1 kr\u0101v\u0113ju (\u0161oferis) 35,00 \u20ac\/h Transports ar 2 kr\u0101v\u0113jiem (\u0161oferis + 1) 40,00 \u20ac\/h Kr\u0101v\u0113ju pakalpojumi no 15,00 \u20ac\/h Lai noskaidrotu J\u016bsu veicam\u0101 darba konkr\u0113tu cenu, sazinaties ar mums: T\u0101lr.: 27342367 E-pasts: janisaizvest@gmail.com\" \/>\n<meta property=\"og:url\" content=\"https:\/\/aizvest-ecb894.ingress-alpha.ewp.live\/cenradis\/\" \/>\n<meta property=\"og:site_name\" content=\"aizvest.lv\" \/>\n<meta property=\"article:modified_time\" content=\"2024-09-26T16:06:05+00:00\" \/>\n<meta name=\"twitter:card\" content=\"summary_large_image\" \/>\n<meta name=\"twitter:label1\" content=\"\u041f\u0440\u0438\u043c\u0435\u0440\u043d\u043e\u0435 \u0432\u0440\u0435\u043c\u044f \u0434\u043b\u044f \u0447\u0442\u0435\u043d\u0438\u044f\" \/>\n\t<meta name=\"twitter:data1\" content=\"1 \u043c\u0438\u043d\u0443\u0442\u0430\" \/>\n<script type=\"application\/ld+json\" class=\"yoast-schema-graph\">{\"@context\":\"https:\/\/schema.org\",\"@graph\":[{\"@type\":\"WebPage\",\"@id\":\"https:\/\/aizvest-ecb894.ingress-alpha.ewp.live\/cenradis\/\",\"url\":\"https:\/\/aizvest-ecb894.ingress-alpha.ewp.live\/cenradis\/\",\"name\":\"Cenr\u0101dis - aizvest.lv\",\"isPartOf\":{\"@id\":\"https:\/\/aizvest-ecb894.ingress-alpha.ewp.live\/#website\"},\"datePublished\":\"2024-04-11T18:04:56+00:00\",\"dateModified\":\"2024-09-26T16:06:05+00:00\",\"breadcrumb\":{\"@id\":\"https:\/\/aizvest-ecb894.ingress-alpha.ewp.live\/cenradis\/#breadcrumb\"},\"inLanguage\":\"ru-RU\",\"potentialAction\":[{\"@type\":\"ReadAction\",\"target\":[\"https:\/\/aizvest-ecb894.ingress-alpha.ewp.live\/cenradis\/\"]}]},{\"@type\":\"BreadcrumbList\",\"@id\":\"https:\/\/aizvest-ecb894.ingress-alpha.ewp.live\/cenradis\/#breadcrumb\",\"itemListElement\":[{\"@type\":\"ListItem\",\"position\":1,\"name\":\"Home\",\"item\":\"https:\/\/aizvest-ecb894.ingress-alpha.ewp.live\/\"},{\"@type\":\"ListItem\",\"position\":2,\"name\":\"Cenr\u0101dis\"}]},{\"@type\":\"WebSite\",\"@id\":\"https:\/\/aizvest-ecb894.ingress-alpha.ewp.live\/#website\",\"url\":\"https:\/\/aizvest-ecb894.ingress-alpha.ewp.live\/\",\"name\":\"aizvest-ecb894.ingress-alpha.ewp.live\",\"description\":\"Aizvest \u2013 Dro\u0161i kravu p\u0101rvad\u0101jumi, \u0113rta p\u0101rv\u0101k\u0161an\u0101s!\",\"publisher\":{\"@id\":\"https:\/\/aizvest-ecb894.ingress-alpha.ewp.live\/#organization\"},\"potentialAction\":[{\"@type\":\"SearchAction\",\"target\":{\"@type\":\"EntryPoint\",\"urlTemplate\":\"https:\/\/aizvest-ecb894.ingress-alpha.ewp.live\/?s={search_term_string}\"},\"query-input\":{\"@type\":\"PropertyValueSpecification\",\"valueRequired\":true,\"valueName\":\"search_term_string\"}}],\"inLanguage\":\"ru-RU\"},{\"@type\":\"Organization\",\"@id\":\"https:\/\/aizvest-ecb894.ingress-alpha.ewp.live\/#organization\",\"name\":\"aizvest-ecb894.ingress-alpha.ewp.live\",\"url\":\"https:\/\/aizvest-ecb894.ingress-alpha.ewp.live\/\",\"logo\":{\"@type\":\"ImageObject\",\"inLanguage\":\"ru-RU\",\"@id\":\"https:\/\/aizvest-ecb894.ingress-alpha.ewp.live\/#\/schema\/logo\/image\/\",\"url\":\"https:\/\/aizvest.lv\/wp-content\/uploads\/2024\/04\/delivery2.png\",\"contentUrl\":\"https:\/\/aizvest.lv\/wp-content\/uploads\/2024\/04\/delivery2.png\",\"width\":256,\"height\":256,\"caption\":\"aizvest-ecb894.ingress-alpha.ewp.live\"},\"image\":{\"@id\":\"https:\/\/aizvest-ecb894.ingress-alpha.ewp.live\/#\/schema\/logo\/image\/\"}}]}<\/script>\n<!-- \/ Yoast SEO plugin. -->","yoast_head_json":{"title":"Cenr\u0101dis - aizvest.lv","robots":{"index":"index","follow":"follow","max-snippet":"max-snippet:-1","max-image-preview":"max-image-preview:large","max-video-preview":"max-video-preview:-1"},"canonical":"https:\/\/aizvest-ecb894.ingress-alpha.ewp.live\/cenradis\/","og_locale":"ru_RU","og_type":"article","og_title":"Cenr\u0101dis - aizvest.lv","og_description":"Pakalpojums Cena Transports ar \u0161oferi(bez krau\u0161anas pakalpojuma) 30,00 \u20ac\/h Transports ar 1 kr\u0101v\u0113ju (\u0161oferis) 35,00 \u20ac\/h Transports ar 2 kr\u0101v\u0113jiem (\u0161oferis + 1) 40,00 \u20ac\/h Kr\u0101v\u0113ju pakalpojumi no 15,00 \u20ac\/h Lai noskaidrotu J\u016bsu veicam\u0101 darba konkr\u0113tu cenu, sazinaties ar mums: T\u0101lr.: 27342367 E-pasts: janisaizvest@gmail.com","og_url":"https:\/\/aizvest-ecb894.ingress-alpha.ewp.live\/cenradis\/","og_site_name":"aizvest.lv","article_modified_time":"2024-09-26T16:06:05+00:00","twitter_card":"summary_large_image","twitter_misc":{"\u041f\u0440\u0438\u043c\u0435\u0440\u043d\u043e\u0435 \u0432\u0440\u0435\u043c\u044f \u0434\u043b\u044f \u0447\u0442\u0435\u043d\u0438\u044f":"1 \u043c\u0438\u043d\u0443\u0442\u0430"},"schema":{"@context":"https:\/\/schema.org","@graph":[{"@type":"WebPage","@id":"https:\/\/aizvest-ecb894.ingress-alpha.ewp.live\/cenradis\/","url":"https:\/\/aizvest-ecb894.ingress-alpha.ewp.live\/cenradis\/","name":"Cenr\u0101dis - aizvest.lv","isPartOf":{"@id":"https:\/\/aizvest-ecb894.ingress-alpha.ewp.live\/#website"},"datePublished":"2024-04-11T18:04:56+00:00","dateModified":"2024-09-26T16:06:05+00:00","breadcrumb":{"@id":"https:\/\/aizvest-ecb894.ingress-alpha.ewp.live\/cenradis\/#breadcrumb"},"inLanguage":"ru-RU","potentialAction":[{"@type":"ReadAction","target":["https:\/\/aizvest-ecb894.ingress-alpha.ewp.live\/cenradis\/"]}]},{"@type":"BreadcrumbList","@id":"https:\/\/aizvest-ecb894.ingress-alpha.ewp.live\/cenradis\/#breadcrumb","itemListElement":[{"@type":"ListItem","position":1,"name":"Home","item":"https:\/\/aizvest-ecb894.ingress-alpha.ewp.live\/"},{"@type":"ListItem","position":2,"name":"Cenr\u0101dis"}]},{"@type":"WebSite","@id":"https:\/\/aizvest-ecb894.ingress-alpha.ewp.live\/#website","url":"https:\/\/aizvest-ecb894.ingress-alpha.ewp.live\/","name":"aizvest-ecb894.ingress-alpha.ewp.live","description":"Aizvest \u2013 Dro\u0161i kravu p\u0101rvad\u0101jumi, \u0113rta p\u0101rv\u0101k\u0161an\u0101s!","publisher":{"@id":"https:\/\/aizvest-ecb894.ingress-alpha.ewp.live\/#organization"},"potentialAction":[{"@type":"SearchAction","target":{"@type":"EntryPoint","urlTemplate":"https:\/\/aizvest-ecb894.ingress-alpha.ewp.live\/?s={search_term_string}"},"query-input":{"@type":"PropertyValueSpecification","valueRequired":true,"valueName":"search_term_string"}}],"inLanguage":"ru-RU"},{"@type":"Organization","@id":"https:\/\/aizvest-ecb894.ingress-alpha.ewp.live\/#organization","name":"aizvest-ecb894.ingress-alpha.ewp.live","url":"https:\/\/aizvest-ecb894.ingress-alpha.ewp.live\/","logo":{"@type":"ImageObject","inLanguage":"ru-RU","@id":"https:\/\/aizvest-ecb894.ingress-alpha.ewp.live\/#\/schema\/logo\/image\/","url":"https:\/\/aizvest.lv\/wp-content\/uploads\/2024\/04\/delivery2.png","contentUrl":"https:\/\/aizvest.lv\/wp-content\/uploads\/2024\/04\/delivery2.png","width":256,"height":256,"caption":"aizvest-ecb894.ingress-alpha.ewp.live"},"image":{"@id":"https:\/\/aizvest-ecb894.ingress-alpha.ewp.live\/#\/schema\/logo\/image\/"}}]}},"brizy_media":[],"_links":{"self":[{"href":"https:\/\/aizvest.lv\/ru\/wp-json\/wp\/v2\/pages\/70","targetHints":{"allow":["GET"]}}],"collection":[{"href":"https:\/\/aizvest.lv\/ru\/wp-json\/wp\/v2\/pages"}],"about":[{"href":"https:\/\/aizvest.lv\/ru\/wp-json\/wp\/v2\/types\/page"}],"author":[{"embeddable":true,"href":"https:\/\/aizvest.lv\/ru\/wp-json\/wp\/v2\/users\/1"}],"replies":[{"embeddable":true,"href":"https:\/\/aizvest.lv\/ru\/wp-json\/wp\/v2\/comments?post=70"}],"version-history":[{"count":4,"href":"https:\/\/aizvest.lv\/ru\/wp-json\/wp\/v2\/pages\/70\/revisions"}],"predecessor-version":[{"id":233,"href":"https:\/\/aizvest.lv\/ru\/wp-json\/wp\/v2\/pages\/70\/revisions\/233"}],"wp:attachment":[{"href":"https:\/\/aizvest.lv\/ru\/wp-json\/wp\/v2\/media?parent=70"}],"curies":[{"name":"wp","href":"https:\/\/api.w.org\/{rel}","templated":true}]}}