{"id":73,"date":"2024-04-11T18:13:37","date_gmt":"2024-04-11T18:13:37","guid":{"rendered":"https:\/\/aizvest.lv\/?page_id=73"},"modified":"2024-11-13T20:41:09","modified_gmt":"2024-11-13T20:41:09","slug":"par-mums","status":"publish","type":"page","link":"https:\/\/aizvest.lv\/ru\/par-mums\/","title":{"rendered":"Par mums"},"content":{"rendered":"<p>\u041e\u0441\u0443\u0449\u0435\u0441\u0442\u0432\u043b\u044f\u0435\u043c \u0432\u0441\u0435 \u0432\u0438\u0434\u044b \u0433\u0440\u0443\u0437\u043e\u0432\u044b\u0445 \u043f\u0435\u0440\u0435\u0432\u043e\u0437\u043e\u043a, \u043f\u0440\u0435\u0434\u043e\u0441\u0442\u0430\u0432\u043b\u044f\u0435\u043c \u0443\u0441\u043b\u0443\u0433\u0438  \u0433\u0440\u0443\u0437\u0447\u0438\u043a\u043e\u0432, \u043e\u043a\u0430\u0437\u044b\u0432\u0430\u0435\u043c \u043f\u043e\u043b\u043d\u044b\u0439 \u043a\u043e\u043c\u043f\u043b\u0435\u043a\u0441 \u0443\u0441\u043b\u0443\u0433 \u043f\u043e \u043f\u0435\u0440\u0435\u0435\u0437\u0434\u0443, \u0440\u0430\u0437\u0431\u043e\u0440\u043a\u0435, \u0441\u0431\u043e\u0440\u043a\u0435, \u0443\u0442\u0438\u043b\u0438\u0437\u0430\u0446\u0438\u0438 \u043c\u0435\u0431\u0435\u043b\u0438. \u0438 \u0442. \u0434.<\/p>\n\n\n\n<p>\u041f\u043e\u0447\u0435\u043c\u0443 \u0432\u0430\u043c \u0441\u043b\u0435\u0434\u0443\u0435\u0442 \u0432\u044b\u0431\u0440\u0430\u0442\u044c \u043d\u0430\u0441?<\/p>\n\n\n\n<p>\u041c\u044b \u0432\u044b\u043f\u043e\u043b\u043d\u044f\u0435\u043c \u0440\u0430\u0431\u043e\u0442\u0443 \u043e\u0442\u0432\u0435\u0442\u0441\u0442\u0432\u0435\u043d\u043d\u043e, \u0431\u0435\u0440\u0435\u0436\u043d\u043e \u043e\u0442\u043d\u043e\u0441\u044f\u0441\u044c \u043a \u0432\u044b\u043f\u043e\u043b\u043d\u044f\u0435\u043c\u043e\u0439 \u0440\u0430\u0431\u043e\u0442\u0435. \u041f\u0440\u0438 \u043d\u0435\u043e\u0431\u0445\u043e\u0434\u0438\u043c\u043e\u0441\u0442\u0438 \u0433\u0440\u0443\u0437 \u0443\u043f\u0430\u043a\u043e\u0432\u044b\u0432\u0430\u0435\u0442\u0441\u044f, \u0437\u0430\u043a\u0440\u0435\u043f\u043b\u044f\u0435\u0442\u0441\u044f \u0438 \u0431\u0435\u0437 \u043f\u0440\u043e\u0431\u043b\u0435\u043c \u0434\u043e\u0431\u0438\u0440\u0430\u0435\u0442\u0441\u044f \u0434\u043e \u043a\u043e\u043d\u0435\u0447\u043d\u043e\u0433\u043e \u043f\u0443\u043d\u043a\u0442\u0430 \u043d\u0430\u0437\u043d\u0430\u0447\u0435\u043d\u0438\u044f.<\/p>\n\n\n\n<p>\u0418\u043d\u0434\u0438\u0432\u0438\u0434\u0443\u0430\u043b\u044c\u043d\u044b\u0439 \u043f\u043e\u0434\u0445\u043e\u0434 \u043a \u043a\u0430\u0436\u0434\u043e\u043c\u0443 \u0447\u0435\u043b\u043e\u0432\u0435\u043a\u0443.<\/p>\n\n\n\n<p>\u041c\u044b \u043f\u0440\u0435\u0434\u043e\u0441\u0442\u0430\u0432\u043b\u044f\u0435\u043c \u0443\u0441\u043b\u0443\u0433\u0438 \u043f\u043e \u043e\u0447\u0435\u043d\u044c \u0434\u043e\u0441\u0442\u0443\u043f\u043d\u044b\u043c \u0438 \u0434\u0435\u043c\u043e\u043a\u0440\u0430\u0442\u0438\u0447\u043d\u044b\u043c \u0446\u0435\u043d\u0430\u043c: \u0441\u0432\u044f\u0436\u0438\u0442\u0435\u0441\u044c \u0441 \u043d\u0430\u043c\u0438, \u0447\u0442\u043e\u0431\u044b \u0443\u0437\u043d\u0430\u0442\u044c \u0431\u043e\u043b\u044c\u0448\u0435.<\/p>\n\n\n\n<p><\/p>\n\n\n\n<div class=\"wp-block-ultimate-post-button-group ultp-block-d5b554\"><div class=\"ultp-button-wrapper ultp-button-frontend ultp-anim-none\">\n<a class=\"wp-block-ultimate-post-button ultp-block-30c0dd ultp-button-layout1\" rel=\"noopener\"><div class=\"ultp-btnIcon-wrap\"><svg xmlns=\"http:\/\/www.w3.org\/2000\/svg\" viewbox=\"0 0 47.02 47.02\"><g><path d=\"m26.755 4.404 3.5.939-.432 3.236-.324 2.43 1.987 1.435a12.34 12.34 0 0 1 3.091 3.091l1.435 1.987 2.43-.324 3.236-.432.939 3.5-3 1.237-2.272.937-.246 2.444a13.573 13.573 0 0 1-1.143 4.222l-1 2.238 1.5 1.944 1.989 2.582-2.565 2.565-2.583-1.989-1.944-1.5-2.238 1.006a13.632 13.632 0 0 1-4.221 1.143l-2.445.245-.936 2.272-1.237 3-3.5-.939.432-3.235.324-2.429-1.986-1.436a12.3 12.3 0 0 1-3.092-3.092l-1.436-1.986-2.429.324-3.236.431-.938-3.5 3-1.237 2.271-.936.246-2.445a13.644 13.644 0 0 1 1.143-4.222l1.005-2.238-1.5-1.943-1.989-2.583 2.564-2.565 2.583 1.989 1.944 1.5 2.238-1.005a13.613 13.613 0 0 1 4.222-1.144l2.444-.245.936-2.271Zm-.928-4.4a2.529 2.529 0 0 0-2.337 1.565l-1.763 4.278a17.735 17.735 0 0 0-5.492 1.483l-3.677-2.832a2.527 2.527 0 0 0-3.33.216L4.71 9.231a2.528 2.528 0 0 0-.215 3.33l2.831 3.677a17.765 17.765 0 0 0-1.483 5.492l-4.277 1.764a2.527 2.527 0 0 0-1.479 2.991l1.654 6.171a2.53 2.53 0 0 0 2.776 1.852l4.6-.614a16.438 16.438 0 0 0 4.013 4.013l-.614 4.6a2.527 2.527 0 0 0 1.852 2.776l6.17 1.654a2.56 2.56 0 0 0 .656.086 2.528 2.528 0 0 0 2.336-1.565l1.763-4.278a17.732 17.732 0 0 0 5.493-1.482l3.676 2.831a2.53 2.53 0 0 0 3.331-.215l4.517-4.518a2.528 2.528 0 0 0 .216-3.33l-2.832-3.677a17.738 17.738 0 0 0 1.483-5.492l4.278-1.763a2.529 2.529 0 0 0 1.478-2.992l-1.653-6.171a2.528 2.528 0 0 0-2.44-1.874 2.562 2.562 0 0 0-.337.022l-4.6.615a16.347 16.347 0 0 0-4.013-4.013l.614-4.6a2.528 2.528 0 0 0-1.851-2.776L26.482.092a2.506 2.506 0 0 0-.655-.087\"><\/path><path d=\"M23.513 19.631a3.877 3.877 0 1 1-2.742 1.136 3.851 3.851 0 0 1 2.742-1.136m0-4.1a7.977 7.977 0 1 0 5.641 2.337 7.952 7.952 0 0 0-5.641-2.337\"><\/path><\/g><\/svg><\/div><div class=\"ultp-button-text\">Pakalpojumi<\/div><\/a>\n\n\n\n<a class=\"wp-block-ultimate-post-button ultp-block-6f36a7 ultp-button-layout1\" rel=\"noopener\"><div class=\"ultp-btnIcon-wrap\"><svg xmlns=\"http:\/\/www.w3.org\/2000\/svg\" viewbox=\"0 0 48 35.9\"><g><path d=\"M24.001 4.1c6.315 0 12.993 4.6 19.847 13.684a.3.3 0 0 1 0 .337c-6.854 9.08-13.532 13.683-19.847 13.683s-12.993-4.6-19.847-13.683a.3.3 0 0 1 0-.337C11.008 8.704 17.686 4.1 24.001 4.1m0-4.1Q12.44 0 .881 15.313a4.395 4.395 0 0 0 0 5.278q11.559 15.312 23.12 15.313T47.12 20.591a4.393 4.393 0 0 0 0-5.277Q35.561.001 24.001 0\"><\/path><path d=\"M24.001 13.284a4.669 4.669 0 1 1-4.669 4.669 4.674 4.674 0 0 1 4.669-4.669m0-4.1a8.769 8.769 0 1 0 8.769 8.769 8.769 8.769 0 0 0-8.769-8.769\"><\/path><\/g><\/svg><\/div><div class=\"ultp-button-text\">Apskat\u012bt cenas<\/div><\/a>\n<\/div><\/div>\n\n\n\n<p><\/p>","protected":false},"excerpt":{"rendered":"<p>\u041e\u0441\u0443\u0449\u0435\u0441\u0442\u0432\u043b\u044f\u0435\u043c \u0432\u0441\u0435 \u0432\u0438\u0434\u044b \u0433\u0440\u0443\u0437\u043e\u0432\u044b\u0445 \u043f\u0435\u0440\u0435\u0432\u043e\u0437\u043e\u043a, \u043f\u0440\u0435\u0434\u043e\u0441\u0442\u0430\u0432\u043b\u044f\u0435\u043c \u0443\u0441\u043b\u0443\u0433\u0438  \u0433\u0440\u0443\u0437\u0447\u0438\u043a\u043e\u0432, \u043e\u043a\u0430\u0437\u044b\u0432\u0430\u0435\u043c \u043f\u043e\u043b\u043d\u044b\u0439 \u043a\u043e\u043c\u043f\u043b\u0435\u043a\u0441 \u0443\u0441\u043b\u0443\u0433 \u043f\u043e \u043f\u0435\u0440\u0435\u0435\u0437\u0434\u0443, \u0440\u0430\u0437\u0431\u043e\u0440\u043a\u0435, \u0441\u0431\u043e\u0440\u043a\u0435, \u0443\u0442\u0438\u043b\u0438\u0437\u0430\u0446\u0438\u0438 \u043c\u0435\u0431\u0435\u043b\u0438. \u0438 \u0442. \u0434.<\/p>","protected":false},"author":1,"featured_media":0,"parent":0,"menu_order":5,"comment_status":"closed","ping_status":"closed","template":"","meta":{"_editorskit_title_hidden":false,"_editorskit_reading_time":0,"_editorskit_is_block_options_detached":false,"_editorskit_block_options_position":"{}","_regular_price":[],"currency_symbol":[],"footnotes":""},"class_list":["post-73","page","type-page","status-publish","hentry"],"post_slider_layout_featured_media_urls":{"thumbnail":"","post_slider_layout_landscape_large":"","post_slider_layout_portrait_large":"","post_slider_layout_square_large":"","post_slider_layout_landscape":"","post_slider_layout_portrait":"","post_slider_layout_square":"","full":""},"yoast_head":"<!-- This site is optimized with the Yoast SEO plugin v23.4 - https:\/\/yoast.com\/wordpress\/plugins\/seo\/ -->\n<title>Par mums - aizvest.lv<\/title>\n<meta name=\"description\" content=\"Veicam visa veida kravu p\u0101rvad\u0101jumus, sniedzam kr\u0101v\u0113ju pakalpojumus, nodro\u0161inam pilnu p\u0101rv\u0101k\u0161an\u0101s servisu, m\u0113be\u013cu demont\u0101\u017eu, mont\u0101\u017eu, utiliz\u0101c\u012bju. u.c.\" \/>\n<meta name=\"robots\" content=\"index, follow, max-snippet:-1, max-image-preview:large, max-video-preview:-1\" \/>\n<link rel=\"canonical\" href=\"https:\/\/aizvest-ecb894.ingress-alpha.ewp.live\/par-mums\/\" \/>\n<meta property=\"og:locale\" content=\"ru_RU\" \/>\n<meta property=\"og:type\" content=\"article\" \/>\n<meta property=\"og:title\" content=\"Par mums - aizvest.lv\" \/>\n<meta property=\"og:description\" content=\"Veicam visa veida kravu p\u0101rvad\u0101jumus, sniedzam kr\u0101v\u0113ju pakalpojumus, nodro\u0161inam pilnu p\u0101rv\u0101k\u0161an\u0101s servisu, m\u0113be\u013cu demont\u0101\u017eu, mont\u0101\u017eu, utiliz\u0101c\u012bju. u.c.\" \/>\n<meta property=\"og:url\" content=\"https:\/\/aizvest-ecb894.ingress-alpha.ewp.live\/par-mums\/\" \/>\n<meta property=\"og:site_name\" content=\"aizvest.lv\" \/>\n<meta property=\"article:modified_time\" content=\"2024-11-13T20:41:09+00:00\" \/>\n<meta name=\"twitter:card\" content=\"summary_large_image\" \/>\n<meta name=\"twitter:label1\" content=\"\u041f\u0440\u0438\u043c\u0435\u0440\u043d\u043e\u0435 \u0432\u0440\u0435\u043c\u044f \u0434\u043b\u044f \u0447\u0442\u0435\u043d\u0438\u044f\" \/>\n\t<meta name=\"twitter:data1\" content=\"1 \u043c\u0438\u043d\u0443\u0442\u0430\" \/>\n<script type=\"application\/ld+json\" class=\"yoast-schema-graph\">{\"@context\":\"https:\/\/schema.org\",\"@graph\":[{\"@type\":\"WebPage\",\"@id\":\"https:\/\/aizvest-ecb894.ingress-alpha.ewp.live\/par-mums\/\",\"url\":\"https:\/\/aizvest-ecb894.ingress-alpha.ewp.live\/par-mums\/\",\"name\":\"Par mums - aizvest.lv\",\"isPartOf\":{\"@id\":\"https:\/\/aizvest-ecb894.ingress-alpha.ewp.live\/#website\"},\"datePublished\":\"2024-04-11T18:13:37+00:00\",\"dateModified\":\"2024-11-13T20:41:09+00:00\",\"description\":\"Veicam visa veida kravu p\u0101rvad\u0101jumus, sniedzam kr\u0101v\u0113ju pakalpojumus, nodro\u0161inam pilnu p\u0101rv\u0101k\u0161an\u0101s servisu, m\u0113be\u013cu demont\u0101\u017eu, mont\u0101\u017eu, utiliz\u0101c\u012bju. u.c.\",\"breadcrumb\":{\"@id\":\"https:\/\/aizvest-ecb894.ingress-alpha.ewp.live\/par-mums\/#breadcrumb\"},\"inLanguage\":\"ru-RU\",\"potentialAction\":[{\"@type\":\"ReadAction\",\"target\":[\"https:\/\/aizvest-ecb894.ingress-alpha.ewp.live\/par-mums\/\"]}]},{\"@type\":\"BreadcrumbList\",\"@id\":\"https:\/\/aizvest-ecb894.ingress-alpha.ewp.live\/par-mums\/#breadcrumb\",\"itemListElement\":[{\"@type\":\"ListItem\",\"position\":1,\"name\":\"Home\",\"item\":\"https:\/\/aizvest-ecb894.ingress-alpha.ewp.live\/\"},{\"@type\":\"ListItem\",\"position\":2,\"name\":\"Par mums\"}]},{\"@type\":\"WebSite\",\"@id\":\"https:\/\/aizvest-ecb894.ingress-alpha.ewp.live\/#website\",\"url\":\"https:\/\/aizvest-ecb894.ingress-alpha.ewp.live\/\",\"name\":\"aizvest-ecb894.ingress-alpha.ewp.live\",\"description\":\"Aizvest \u2013 Dro\u0161i kravu p\u0101rvad\u0101jumi, \u0113rta p\u0101rv\u0101k\u0161an\u0101s!\",\"publisher\":{\"@id\":\"https:\/\/aizvest-ecb894.ingress-alpha.ewp.live\/#organization\"},\"potentialAction\":[{\"@type\":\"SearchAction\",\"target\":{\"@type\":\"EntryPoint\",\"urlTemplate\":\"https:\/\/aizvest-ecb894.ingress-alpha.ewp.live\/?s={search_term_string}\"},\"query-input\":{\"@type\":\"PropertyValueSpecification\",\"valueRequired\":true,\"valueName\":\"search_term_string\"}}],\"inLanguage\":\"ru-RU\"},{\"@type\":\"Organization\",\"@id\":\"https:\/\/aizvest-ecb894.ingress-alpha.ewp.live\/#organization\",\"name\":\"aizvest-ecb894.ingress-alpha.ewp.live\",\"url\":\"https:\/\/aizvest-ecb894.ingress-alpha.ewp.live\/\",\"logo\":{\"@type\":\"ImageObject\",\"inLanguage\":\"ru-RU\",\"@id\":\"https:\/\/aizvest-ecb894.ingress-alpha.ewp.live\/#\/schema\/logo\/image\/\",\"url\":\"https:\/\/aizvest.lv\/wp-content\/uploads\/2024\/04\/delivery2.png\",\"contentUrl\":\"https:\/\/aizvest.lv\/wp-content\/uploads\/2024\/04\/delivery2.png\",\"width\":256,\"height\":256,\"caption\":\"aizvest-ecb894.ingress-alpha.ewp.live\"},\"image\":{\"@id\":\"https:\/\/aizvest-ecb894.ingress-alpha.ewp.live\/#\/schema\/logo\/image\/\"}}]}<\/script>\n<!-- \/ Yoast SEO plugin. -->","yoast_head_json":{"title":"Par mums - aizvest.lv","description":"Veicam visa veida kravu p\u0101rvad\u0101jumus, sniedzam kr\u0101v\u0113ju pakalpojumus, nodro\u0161inam pilnu p\u0101rv\u0101k\u0161an\u0101s servisu, m\u0113be\u013cu demont\u0101\u017eu, mont\u0101\u017eu, utiliz\u0101c\u012bju. u.c.","robots":{"index":"index","follow":"follow","max-snippet":"max-snippet:-1","max-image-preview":"max-image-preview:large","max-video-preview":"max-video-preview:-1"},"canonical":"https:\/\/aizvest-ecb894.ingress-alpha.ewp.live\/par-mums\/","og_locale":"ru_RU","og_type":"article","og_title":"Par mums - aizvest.lv","og_description":"Veicam visa veida kravu p\u0101rvad\u0101jumus, sniedzam kr\u0101v\u0113ju pakalpojumus, nodro\u0161inam pilnu p\u0101rv\u0101k\u0161an\u0101s servisu, m\u0113be\u013cu demont\u0101\u017eu, mont\u0101\u017eu, utiliz\u0101c\u012bju. u.c.","og_url":"https:\/\/aizvest-ecb894.ingress-alpha.ewp.live\/par-mums\/","og_site_name":"aizvest.lv","article_modified_time":"2024-11-13T20:41:09+00:00","twitter_card":"summary_large_image","twitter_misc":{"\u041f\u0440\u0438\u043c\u0435\u0440\u043d\u043e\u0435 \u0432\u0440\u0435\u043c\u044f \u0434\u043b\u044f \u0447\u0442\u0435\u043d\u0438\u044f":"1 \u043c\u0438\u043d\u0443\u0442\u0430"},"schema":{"@context":"https:\/\/schema.org","@graph":[{"@type":"WebPage","@id":"https:\/\/aizvest-ecb894.ingress-alpha.ewp.live\/par-mums\/","url":"https:\/\/aizvest-ecb894.ingress-alpha.ewp.live\/par-mums\/","name":"Par mums - aizvest.lv","isPartOf":{"@id":"https:\/\/aizvest-ecb894.ingress-alpha.ewp.live\/#website"},"datePublished":"2024-04-11T18:13:37+00:00","dateModified":"2024-11-13T20:41:09+00:00","description":"Veicam visa veida kravu p\u0101rvad\u0101jumus, sniedzam kr\u0101v\u0113ju pakalpojumus, nodro\u0161inam pilnu p\u0101rv\u0101k\u0161an\u0101s servisu, m\u0113be\u013cu demont\u0101\u017eu, mont\u0101\u017eu, utiliz\u0101c\u012bju. u.c.","breadcrumb":{"@id":"https:\/\/aizvest-ecb894.ingress-alpha.ewp.live\/par-mums\/#breadcrumb"},"inLanguage":"ru-RU","potentialAction":[{"@type":"ReadAction","target":["https:\/\/aizvest-ecb894.ingress-alpha.ewp.live\/par-mums\/"]}]},{"@type":"BreadcrumbList","@id":"https:\/\/aizvest-ecb894.ingress-alpha.ewp.live\/par-mums\/#breadcrumb","itemListElement":[{"@type":"ListItem","position":1,"name":"Home","item":"https:\/\/aizvest-ecb894.ingress-alpha.ewp.live\/"},{"@type":"ListItem","position":2,"name":"Par mums"}]},{"@type":"WebSite","@id":"https:\/\/aizvest-ecb894.ingress-alpha.ewp.live\/#website","url":"https:\/\/aizvest-ecb894.ingress-alpha.ewp.live\/","name":"aizvest-ecb894.ingress-alpha.ewp.live","description":"Aizvest \u2013 Dro\u0161i kravu p\u0101rvad\u0101jumi, \u0113rta p\u0101rv\u0101k\u0161an\u0101s!","publisher":{"@id":"https:\/\/aizvest-ecb894.ingress-alpha.ewp.live\/#organization"},"potentialAction":[{"@type":"SearchAction","target":{"@type":"EntryPoint","urlTemplate":"https:\/\/aizvest-ecb894.ingress-alpha.ewp.live\/?s={search_term_string}"},"query-input":{"@type":"PropertyValueSpecification","valueRequired":true,"valueName":"search_term_string"}}],"inLanguage":"ru-RU"},{"@type":"Organization","@id":"https:\/\/aizvest-ecb894.ingress-alpha.ewp.live\/#organization","name":"aizvest-ecb894.ingress-alpha.ewp.live","url":"https:\/\/aizvest-ecb894.ingress-alpha.ewp.live\/","logo":{"@type":"ImageObject","inLanguage":"ru-RU","@id":"https:\/\/aizvest-ecb894.ingress-alpha.ewp.live\/#\/schema\/logo\/image\/","url":"https:\/\/aizvest.lv\/wp-content\/uploads\/2024\/04\/delivery2.png","contentUrl":"https:\/\/aizvest.lv\/wp-content\/uploads\/2024\/04\/delivery2.png","width":256,"height":256,"caption":"aizvest-ecb894.ingress-alpha.ewp.live"},"image":{"@id":"https:\/\/aizvest-ecb894.ingress-alpha.ewp.live\/#\/schema\/logo\/image\/"}}]}},"brizy_media":[],"_links":{"self":[{"href":"https:\/\/aizvest.lv\/ru\/wp-json\/wp\/v2\/pages\/73","targetHints":{"allow":["GET"]}}],"collection":[{"href":"https:\/\/aizvest.lv\/ru\/wp-json\/wp\/v2\/pages"}],"about":[{"href":"https:\/\/aizvest.lv\/ru\/wp-json\/wp\/v2\/types\/page"}],"author":[{"embeddable":true,"href":"https:\/\/aizvest.lv\/ru\/wp-json\/wp\/v2\/users\/1"}],"replies":[{"embeddable":true,"href":"https:\/\/aizvest.lv\/ru\/wp-json\/wp\/v2\/comments?post=73"}],"version-history":[{"count":5,"href":"https:\/\/aizvest.lv\/ru\/wp-json\/wp\/v2\/pages\/73\/revisions"}],"predecessor-version":[{"id":327,"href":"https:\/\/aizvest.lv\/ru\/wp-json\/wp\/v2\/pages\/73\/revisions\/327"}],"wp:attachment":[{"href":"https:\/\/aizvest.lv\/ru\/wp-json\/wp\/v2\/media?parent=73"}],"curies":[{"name":"wp","href":"https:\/\/api.w.org\/{rel}","templated":true}]}}